{"id":867,"date":"2025-09-03T08:35:12","date_gmt":"2025-09-03T06:35:12","guid":{"rendered":"https:\/\/nubo.energy\/beneficis\/"},"modified":"2026-03-11T19:14:34","modified_gmt":"2026-03-11T17:14:34","slug":"beneficis","status":"publish","type":"page","link":"https:\/\/nubo.energy\/ca\/beneficis\/","title":{"rendered":"Beneficis"},"content":{"rendered":"\t\t<div data-elementor-type=\"wp-page\" data-elementor-id=\"867\" class=\"elementor elementor-867 elementor-545\">\n\t\t\t\t<div class=\"elementor-element elementor-element-6c54812 e-flex e-con-boxed e-con e-parent\" data-id=\"6c54812\" data-element_type=\"container\" data-e-type=\"container\" data-settings=\"{&quot;background_background&quot;:&quot;gradient&quot;}\">\n\t\t\t\t\t<div class=\"e-con-inner\">\n\t\t<div class=\"elementor-element elementor-element-7890780 e-con-full e-flex e-con e-child\" data-id=\"7890780\" data-element_type=\"container\" data-e-type=\"container\">\n\t\t<div class=\"elementor-element elementor-element-d363c32 e-con-full e-flex e-con e-child\" data-id=\"d363c32\" data-element_type=\"container\" data-e-type=\"container\">\n\t\t\t\t<div class=\"elementor-element elementor-element-aff7a03 elementor-widget__width-inherit elementor-widget elementor-widget-heading\" data-id=\"aff7a03\" data-element_type=\"widget\" data-e-type=\"widget\" data-widget_type=\"heading.default\">\n\t\t\t\t<div class=\"elementor-widget-container\">\n\t\t\t\t\t<h1 class=\"elementor-heading-title elementor-size-default\">Beneficis<\/h1>\t\t\t\t<\/div>\n\t\t\t\t<\/div>\n\t\t\t\t<div class=\"elementor-element elementor-element-db9a80f elementor-widget__width-initial elementor-widget elementor-widget-heading\" data-id=\"db9a80f\" data-element_type=\"widget\" data-e-type=\"widget\" data-widget_type=\"heading.default\">\n\t\t\t\t<div class=\"elementor-widget-container\">\n\t\t\t\t\t<h2 class=\"elementor-heading-title elementor-size-default\">Beneficis d'escollir-nos<\/h2>\t\t\t\t<\/div>\n\t\t\t\t<\/div>\n\t\t\t\t<div class=\"elementor-element elementor-element-55f0fa7 elementor-widget elementor-widget-image\" data-id=\"55f0fa7\" data-element_type=\"widget\" data-e-type=\"widget\" data-widget_type=\"image.default\">\n\t\t\t\t<div class=\"elementor-widget-container\">\n\t\t\t\t\t\t\t\t\t\t\t\t\t\t\t<img fetchpriority=\"high\" decoding=\"async\" width=\"800\" height=\"756\" src=\"https:\/\/nubo.energy\/wp-content\/uploads\/2025\/09\/sostenibilidad-1-1024x968.jpg\" class=\"attachment-large size-large wp-image-866\" alt=\"imagen familia\" srcset=\"https:\/\/nubo.energy\/wp-content\/uploads\/2025\/09\/sostenibilidad-1-1024x968.jpg 1024w, https:\/\/nubo.energy\/wp-content\/uploads\/2025\/09\/sostenibilidad-1-300x283.jpg 300w, https:\/\/nubo.energy\/wp-content\/uploads\/2025\/09\/sostenibilidad-1-768x726.jpg 768w, https:\/\/nubo.energy\/wp-content\/uploads\/2025\/09\/sostenibilidad-1.jpg 1270w\" sizes=\"(max-width: 800px) 100vw, 800px\" \/>\t\t\t\t\t\t\t\t\t\t\t\t\t\t\t<\/div>\n\t\t\t\t<\/div>\n\t\t\t\t<div class=\"elementor-element elementor-element-6a4e7dc elementor-align-left elementor-mobile-align-center elementor-widget elementor-widget-button\" data-id=\"6a4e7dc\" data-element_type=\"widget\" data-e-type=\"widget\" data-widget_type=\"button.default\">\n\t\t\t\t<div class=\"elementor-widget-container\">\n\t\t\t\t\t\t\t\t\t<div class=\"elementor-button-wrapper\">\n\t\t\t\t\t<a class=\"elementor-button elementor-button-link elementor-size-sm\" href=\"https:\/\/nubo.energy\/contacto\/#auditoria\">\n\t\t\t\t\t\t<span class=\"elementor-button-content-wrapper\">\n\t\t\t\t\t\t\t\t\t<span class=\"elementor-button-text\">Sol\u00b7licitar auditoria<\/span>\n\t\t\t\t\t<\/span>\n\t\t\t\t\t<\/a>\n\t\t\t\t<\/div>\n\t\t\t\t\t\t\t\t<\/div>\n\t\t\t\t<\/div>\n\t\t\t\t<\/div>\n\t\t\t\t<\/div>\n\t\t<div class=\"elementor-element elementor-element-04ade15 e-con-full e-flex e-con e-child\" data-id=\"04ade15\" data-element_type=\"container\" data-e-type=\"container\">\n\t\t<div class=\"elementor-element elementor-element-39b9c47 e-con-full e-flex e-con e-child\" data-id=\"39b9c47\" data-element_type=\"container\" data-e-type=\"container\" data-settings=\"{&quot;background_background&quot;:&quot;gradient&quot;}\">\n\t\t\t\t<div class=\"elementor-element elementor-element-a48be13 elementor-widget elementor-widget-heading\" data-id=\"a48be13\" data-element_type=\"widget\" data-e-type=\"widget\" data-widget_type=\"heading.default\">\n\t\t\t\t<div class=\"elementor-widget-container\">\n\t\t\t\t\t<h3 class=\"elementor-heading-title elementor-size-default\">Estalvi immediat<\/h3>\t\t\t\t<\/div>\n\t\t\t\t<\/div>\n\t\t\t\t<div class=\"elementor-element elementor-element-427620f elementor-widget elementor-widget-text-editor\" data-id=\"427620f\" data-element_type=\"widget\" data-e-type=\"widget\" data-widget_type=\"text-editor.default\">\n\t\t\t\t<div class=\"elementor-widget-container\">\n\t\t\t\t\t\t\t\t\t<p>Reduir\u00e0s les factures des del primer mes.<\/p>\t\t\t\t\t\t\t\t<\/div>\n\t\t\t\t<\/div>\n\t\t\t\t<\/div>\n\t\t<div class=\"elementor-element elementor-element-2883cd7 e-con-full e-flex e-con e-child\" data-id=\"2883cd7\" data-element_type=\"container\" data-e-type=\"container\" data-settings=\"{&quot;background_background&quot;:&quot;gradient&quot;}\">\n\t\t\t\t<div class=\"elementor-element elementor-element-0ce6642 elementor-widget elementor-widget-heading\" data-id=\"0ce6642\" data-element_type=\"widget\" data-e-type=\"widget\" data-widget_type=\"heading.default\">\n\t\t\t\t<div class=\"elementor-widget-container\">\n\t\t\t\t\t<h3 class=\"elementor-heading-title elementor-size-default\">Assessorament personalitzat<\/h3>\t\t\t\t<\/div>\n\t\t\t\t<\/div>\n\t\t\t\t<div class=\"elementor-element elementor-element-48762ca elementor-widget elementor-widget-text-editor\" data-id=\"48762ca\" data-element_type=\"widget\" data-e-type=\"widget\" data-widget_type=\"text-editor.default\">\n\t\t\t\t<div class=\"elementor-widget-container\">\n\t\t\t\t\t\t\t\t\t<p>T&#8217;ajudem a triar el millor per a les teves necessitats.<\/p>\t\t\t\t\t\t\t\t<\/div>\n\t\t\t\t<\/div>\n\t\t\t\t<\/div>\n\t\t<div class=\"elementor-element elementor-element-189348f e-con-full e-flex e-con e-child\" data-id=\"189348f\" data-element_type=\"container\" data-e-type=\"container\" data-settings=\"{&quot;background_background&quot;:&quot;gradient&quot;}\">\n\t\t\t\t<div class=\"elementor-element elementor-element-e54683a elementor-widget elementor-widget-heading\" data-id=\"e54683a\" data-element_type=\"widget\" data-e-type=\"widget\" data-widget_type=\"heading.default\">\n\t\t\t\t<div class=\"elementor-widget-container\">\n\t\t\t\t\t<h3 class=\"elementor-heading-title elementor-size-default\">Sostenibilitat<\/h3>\t\t\t\t<\/div>\n\t\t\t\t<\/div>\n\t\t\t\t<div class=\"elementor-element elementor-element-822b00f elementor-widget elementor-widget-text-editor\" data-id=\"822b00f\" data-element_type=\"widget\" data-e-type=\"widget\" data-widget_type=\"text-editor.default\">\n\t\t\t\t<div class=\"elementor-widget-container\">\n\t\t\t\t\t\t\t\t\t<p>Contribueix a la reducci\u00f3 de la petjada de carboni.<\/p>\t\t\t\t\t\t\t\t<\/div>\n\t\t\t\t<\/div>\n\t\t\t\t<\/div>\n\t\t<div class=\"elementor-element elementor-element-248779f e-con-full e-flex e-con e-child\" data-id=\"248779f\" data-element_type=\"container\" data-e-type=\"container\" data-settings=\"{&quot;background_background&quot;:&quot;gradient&quot;}\">\n\t\t\t\t<div class=\"elementor-element elementor-element-5cad56b elementor-widget elementor-widget-heading\" data-id=\"5cad56b\" data-element_type=\"widget\" data-e-type=\"widget\" data-widget_type=\"heading.default\">\n\t\t\t\t<div class=\"elementor-widget-container\">\n\t\t\t\t\t<h3 class=\"elementor-heading-title elementor-size-default\">Tecnologia avan\u00e7ada<\/h3>\t\t\t\t<\/div>\n\t\t\t\t<\/div>\n\t\t\t\t<div class=\"elementor-element elementor-element-4d81586 elementor-widget elementor-widget-text-editor\" data-id=\"4d81586\" data-element_type=\"widget\" data-e-type=\"widget\" data-widget_type=\"text-editor.default\">\n\t\t\t\t<div class=\"elementor-widget-container\">\n\t\t\t\t\t\t\t\t\t<p>Utilitzem eines digitals per fer m\u00e9s eficient el teu consum energ\u00e8tic.<\/p>\t\t\t\t\t\t\t\t<\/div>\n\t\t\t\t<\/div>\n\t\t\t\t<\/div>\n\t\t\t\t<\/div>\n\t\t\t\t\t<\/div>\n\t\t\t\t<\/div>\n\t\t<div class=\"elementor-element elementor-element-d59bbea e-con-full e-flex e-con e-parent\" data-id=\"d59bbea\" data-element_type=\"container\" data-e-type=\"container\">\n\t\t\t\t<div class=\"elementor-element elementor-element-db59bfc elementor-widget__width-inherit elementor-widget elementor-widget-heading\" data-id=\"db59bfc\" data-element_type=\"widget\" data-e-type=\"widget\" data-widget_type=\"heading.default\">\n\t\t\t\t<div class=\"elementor-widget-container\">\n\t\t\t\t\t<h1 class=\"elementor-heading-title elementor-size-default\">Testimonis<\/h1>\t\t\t\t<\/div>\n\t\t\t\t<\/div>\n\t\t\t\t<div class=\"elementor-element elementor-element-4818ba1 elementor-widget__width-initial elementor-widget elementor-widget-heading\" data-id=\"4818ba1\" data-element_type=\"widget\" data-e-type=\"widget\" data-widget_type=\"heading.default\">\n\t\t\t\t<div class=\"elementor-widget-container\">\n\t\t\t\t\t<h3 class=\"elementor-heading-title elementor-size-default\">El que els nostres clients diuen sobre nosaltres<\/h3>\t\t\t\t<\/div>\n\t\t\t\t<\/div>\n\t\t\t\t<div class=\"elementor-element elementor-element-e62a34f elementor-widget__width-initial elementor-widget elementor-widget-text-editor\" data-id=\"e62a34f\" data-element_type=\"widget\" data-e-type=\"widget\" data-widget_type=\"text-editor.default\">\n\t\t\t\t<div class=\"elementor-widget-container\">\n\t\t\t\t\t\t\t\t\t<p>Les nostres ressenyes a <a href=\"https:\/\/maps.app.goo.gl\/T8bP8Eefd1qtxmKf8\" target=\"_blank\" rel=\"noopener\">Google<\/a> \u2b50\u2b50\u2b50\u2b50\u2b50<\/p>\t\t\t\t\t\t\t\t<\/div>\n\t\t\t\t<\/div>\n\t\t<div class=\"elementor-element elementor-element-9c1fb20 e-con-full e-flex e-con e-child\" data-id=\"9c1fb20\" data-element_type=\"container\" data-e-type=\"container\">\n\t\t<div class=\"elementor-element elementor-element-33653c8 e-con-full e-flex e-con e-child\" data-id=\"33653c8\" data-element_type=\"container\" data-e-type=\"container\" data-settings=\"{&quot;background_background&quot;:&quot;gradient&quot;}\">\n\t\t\t\t<div class=\"elementor-element elementor-element-50536a0 elementor-widget elementor-widget-text-editor\" data-id=\"50536a0\" data-element_type=\"widget\" data-e-type=\"widget\" data-widget_type=\"text-editor.default\">\n\t\t\t\t<div class=\"elementor-widget-container\">\n\t\t\t\t\t\t\t\t\t<p>L&#8217;apagada el\u00e8ctrica d&#8217;ahir va afectar el Firewall de les nostres oficines, que estaven aquest mat\u00ed sense internet. Avisem, van venir r\u00e0pidament i van solucionar el problema. Molt bon servei!<\/p>\t\t\t\t\t\t\t\t<\/div>\n\t\t\t\t<\/div>\n\t\t\t\t<div class=\"elementor-element elementor-element-d5640ef elementor-widget elementor-widget-heading\" data-id=\"d5640ef\" data-element_type=\"widget\" data-e-type=\"widget\" data-widget_type=\"heading.default\">\n\t\t\t\t<div class=\"elementor-widget-container\">\n\t\t\t\t\t<p class=\"elementor-heading-title elementor-size-default\">Miguel de Gomis<\/p>\t\t\t\t<\/div>\n\t\t\t\t<\/div>\n\t\t\t\t<\/div>\n\t\t<div class=\"elementor-element elementor-element-5db733d e-con-full e-flex e-con e-child\" data-id=\"5db733d\" data-element_type=\"container\" data-e-type=\"container\" data-settings=\"{&quot;background_background&quot;:&quot;gradient&quot;}\">\n\t\t\t\t<div class=\"elementor-element elementor-element-cbb642f elementor-widget elementor-widget-text-editor\" data-id=\"cbb642f\" data-element_type=\"widget\" data-e-type=\"widget\" data-widget_type=\"text-editor.default\">\n\t\t\t\t<div class=\"elementor-widget-container\">\n\t\t\t\t\t\t\t\t\t<p>Dissabte 1 de maig dia del treballador. Apurada perqu\u00e8 no podia fer teletreball. Una trucada i en q\u00fcesti\u00f3 de 30 minuts em van solucionar el problema. Aix\u00f2 \u00e9s efic\u00e0cia i no com la resta de companyies que parles amb robots.<\/p>\t\t\t\t\t\t\t\t<\/div>\n\t\t\t\t<\/div>\n\t\t\t\t<div class=\"elementor-element elementor-element-ee88b7a elementor-widget elementor-widget-heading\" data-id=\"ee88b7a\" data-element_type=\"widget\" data-e-type=\"widget\" data-widget_type=\"heading.default\">\n\t\t\t\t<div class=\"elementor-widget-container\">\n\t\t\t\t\t<h3 class=\"elementor-heading-title elementor-size-default\">Cora Riera<\/h3>\t\t\t\t<\/div>\n\t\t\t\t<\/div>\n\t\t\t\t<\/div>\n\t\t<div class=\"elementor-element elementor-element-e3c9738 e-con-full e-flex e-con e-child\" data-id=\"e3c9738\" data-element_type=\"container\" data-e-type=\"container\" data-settings=\"{&quot;background_background&quot;:&quot;gradient&quot;}\">\n\t\t\t\t<div class=\"elementor-element elementor-element-2fec877 elementor-widget elementor-widget-text-editor\" data-id=\"2fec877\" data-element_type=\"widget\" data-e-type=\"widget\" data-widget_type=\"text-editor.default\">\n\t\t\t\t<div class=\"elementor-widget-container\">\n\t\t\t\t\t\t\t\t\t<p>Empresa de telefonia molt propera, s\u2019adaptin a les nostres necessitats a un preu molt econ\u00f2mic, sense perdre la qualitat ni el servei, format per un equip molt professional<br>Recomanable 100%<\/p>\t\t\t\t\t\t\t\t<\/div>\n\t\t\t\t<\/div>\n\t\t\t\t<div class=\"elementor-element elementor-element-77f61eb elementor-widget elementor-widget-heading\" data-id=\"77f61eb\" data-element_type=\"widget\" data-e-type=\"widget\" data-widget_type=\"heading.default\">\n\t\t\t\t<div class=\"elementor-widget-container\">\n\t\t\t\t\t<h3 class=\"elementor-heading-title elementor-size-default\">Jordi<\/h3>\t\t\t\t<\/div>\n\t\t\t\t<\/div>\n\t\t\t\t<\/div>\n\t\t\t\t<\/div>\n\t\t\t\t<\/div>\n\t\t\t\t<\/div>\n\t\t","protected":false},"excerpt":{"rendered":"<p>Beneficis Beneficis d&#8217;escollir-nos Sol\u00b7licitar auditoria Estalvi immediat Reduir\u00e0s les factures des del primer mes. Assessorament personalitzat T&#8217;ajudem a triar el millor per a les teves necessitats. Sostenibilitat Contribueix a la reducci\u00f3 de la petjada de carboni. Tecnologia avan\u00e7ada Utilitzem eines digitals per fer m\u00e9s eficient el teu consum energ\u00e8tic. Testimonis El que els nostres clients [&hellip;]<\/p>\n","protected":false},"author":3,"featured_media":0,"parent":0,"menu_order":0,"comment_status":"closed","ping_status":"closed","template":"","meta":{"footnotes":""},"class_list":["post-867","page","type-page","status-publish","hentry"],"yoast_head":"<!-- This site is optimized with the Yoast SEO plugin v27.1.1 - https:\/\/yoast.com\/product\/yoast-seo-wordpress\/ -->\n<title>Beneficis - Nubo Energy<\/title>\n<meta name=\"robots\" content=\"index, follow, max-snippet:-1, max-image-preview:large, max-video-preview:-1\" \/>\n<link rel=\"canonical\" href=\"https:\/\/nubo.energy\/ca\/beneficis\/\" \/>\n<meta property=\"og:locale\" content=\"ca_ES\" \/>\n<meta property=\"og:type\" content=\"article\" \/>\n<meta property=\"og:title\" content=\"Beneficis - Nubo Energy\" \/>\n<meta property=\"og:description\" content=\"Beneficis Beneficis d&#8217;escollir-nos Sol\u00b7licitar auditoria Estalvi immediat Reduir\u00e0s les factures des del primer mes. Assessorament personalitzat T&#8217;ajudem a triar el millor per a les teves necessitats. Sostenibilitat Contribueix a la reducci\u00f3 de la petjada de carboni. Tecnologia avan\u00e7ada Utilitzem eines digitals per fer m\u00e9s eficient el teu consum energ\u00e8tic. Testimonis El que els nostres clients [&hellip;]\" \/>\n<meta property=\"og:url\" content=\"https:\/\/nubo.energy\/ca\/beneficis\/\" \/>\n<meta property=\"og:site_name\" content=\"Nubo Energy\" \/>\n<meta property=\"article:modified_time\" content=\"2026-03-11T17:14:34+00:00\" \/>\n<meta property=\"og:image\" content=\"https:\/\/nubo.energy\/wp-content\/uploads\/2025\/09\/sostenibilidad-1.jpg\" \/>\n\t<meta property=\"og:image:width\" content=\"1270\" \/>\n\t<meta property=\"og:image:height\" content=\"1200\" \/>\n\t<meta property=\"og:image:type\" content=\"image\/jpeg\" \/>\n<meta name=\"twitter:card\" content=\"summary_large_image\" \/>\n<meta name=\"twitter:label1\" content=\"Temps estimat de lectura\" \/>\n\t<meta name=\"twitter:data1\" content=\"1 minut\" \/>\n<script type=\"application\/ld+json\" class=\"yoast-schema-graph\">{\"@context\":\"https:\/\/schema.org\",\"@graph\":[{\"@type\":\"WebPage\",\"@id\":\"https:\/\/nubo.energy\/ca\/beneficis\/\",\"url\":\"https:\/\/nubo.energy\/ca\/beneficis\/\",\"name\":\"Beneficis - Nubo Energy\",\"isPartOf\":{\"@id\":\"https:\/\/nubo.energy\/ca\/#website\"},\"primaryImageOfPage\":{\"@id\":\"https:\/\/nubo.energy\/ca\/beneficis\/#primaryimage\"},\"image\":{\"@id\":\"https:\/\/nubo.energy\/ca\/beneficis\/#primaryimage\"},\"thumbnailUrl\":\"https:\/\/nubo.energy\/wp-content\/uploads\/2025\/09\/sostenibilidad-1-1024x968.jpg\",\"datePublished\":\"2025-09-03T06:35:12+00:00\",\"dateModified\":\"2026-03-11T17:14:34+00:00\",\"breadcrumb\":{\"@id\":\"https:\/\/nubo.energy\/ca\/beneficis\/#breadcrumb\"},\"inLanguage\":\"ca\",\"potentialAction\":[{\"@type\":\"ReadAction\",\"target\":[\"https:\/\/nubo.energy\/ca\/beneficis\/\"]}]},{\"@type\":\"ImageObject\",\"inLanguage\":\"ca\",\"@id\":\"https:\/\/nubo.energy\/ca\/beneficis\/#primaryimage\",\"url\":\"https:\/\/nubo.energy\/wp-content\/uploads\/2025\/09\/sostenibilidad-1-1024x968.jpg\",\"contentUrl\":\"https:\/\/nubo.energy\/wp-content\/uploads\/2025\/09\/sostenibilidad-1-1024x968.jpg\"},{\"@type\":\"BreadcrumbList\",\"@id\":\"https:\/\/nubo.energy\/ca\/beneficis\/#breadcrumb\",\"itemListElement\":[{\"@type\":\"ListItem\",\"position\":1,\"name\":\"Portada\",\"item\":\"https:\/\/nubo.energy\/ca\/\"},{\"@type\":\"ListItem\",\"position\":2,\"name\":\"Beneficis\"}]},{\"@type\":\"WebSite\",\"@id\":\"https:\/\/nubo.energy\/ca\/#website\",\"url\":\"https:\/\/nubo.energy\/ca\/\",\"name\":\"Nubo Energy\",\"description\":\"Eficiencia y ahorro en tu energ\u00eda\",\"publisher\":{\"@id\":\"https:\/\/nubo.energy\/ca\/#organization\"},\"potentialAction\":[{\"@type\":\"SearchAction\",\"target\":{\"@type\":\"EntryPoint\",\"urlTemplate\":\"https:\/\/nubo.energy\/ca\/?s={search_term_string}\"},\"query-input\":{\"@type\":\"PropertyValueSpecification\",\"valueRequired\":true,\"valueName\":\"search_term_string\"}}],\"inLanguage\":\"ca\"},{\"@type\":\"Organization\",\"@id\":\"https:\/\/nubo.energy\/ca\/#organization\",\"name\":\"Nubo Energy\",\"url\":\"https:\/\/nubo.energy\/ca\/\",\"logo\":{\"@type\":\"ImageObject\",\"inLanguage\":\"ca\",\"@id\":\"https:\/\/nubo.energy\/ca\/#\/schema\/logo\/image\/\",\"url\":\"https:\/\/nubo.energy\/wp-content\/uploads\/2025\/06\/nuboenergy_logo.webp\",\"contentUrl\":\"https:\/\/nubo.energy\/wp-content\/uploads\/2025\/06\/nuboenergy_logo.webp\",\"width\":500,\"height\":186,\"caption\":\"Nubo Energy\"},\"image\":{\"@id\":\"https:\/\/nubo.energy\/ca\/#\/schema\/logo\/image\/\"}}]}<\/script>\n<!-- \/ Yoast SEO plugin. -->","yoast_head_json":{"title":"Beneficis - Nubo Energy","robots":{"index":"index","follow":"follow","max-snippet":"max-snippet:-1","max-image-preview":"max-image-preview:large","max-video-preview":"max-video-preview:-1"},"canonical":"https:\/\/nubo.energy\/ca\/beneficis\/","og_locale":"ca_ES","og_type":"article","og_title":"Beneficis - Nubo Energy","og_description":"Beneficis Beneficis d&#8217;escollir-nos Sol\u00b7licitar auditoria Estalvi immediat Reduir\u00e0s les factures des del primer mes. Assessorament personalitzat T&#8217;ajudem a triar el millor per a les teves necessitats. Sostenibilitat Contribueix a la reducci\u00f3 de la petjada de carboni. Tecnologia avan\u00e7ada Utilitzem eines digitals per fer m\u00e9s eficient el teu consum energ\u00e8tic. Testimonis El que els nostres clients [&hellip;]","og_url":"https:\/\/nubo.energy\/ca\/beneficis\/","og_site_name":"Nubo Energy","article_modified_time":"2026-03-11T17:14:34+00:00","og_image":[{"width":1270,"height":1200,"url":"https:\/\/nubo.energy\/wp-content\/uploads\/2025\/09\/sostenibilidad-1.jpg","type":"image\/jpeg"}],"twitter_card":"summary_large_image","twitter_misc":{"Temps estimat de lectura":"1 minut"},"schema":{"@context":"https:\/\/schema.org","@graph":[{"@type":"WebPage","@id":"https:\/\/nubo.energy\/ca\/beneficis\/","url":"https:\/\/nubo.energy\/ca\/beneficis\/","name":"Beneficis - Nubo Energy","isPartOf":{"@id":"https:\/\/nubo.energy\/ca\/#website"},"primaryImageOfPage":{"@id":"https:\/\/nubo.energy\/ca\/beneficis\/#primaryimage"},"image":{"@id":"https:\/\/nubo.energy\/ca\/beneficis\/#primaryimage"},"thumbnailUrl":"https:\/\/nubo.energy\/wp-content\/uploads\/2025\/09\/sostenibilidad-1-1024x968.jpg","datePublished":"2025-09-03T06:35:12+00:00","dateModified":"2026-03-11T17:14:34+00:00","breadcrumb":{"@id":"https:\/\/nubo.energy\/ca\/beneficis\/#breadcrumb"},"inLanguage":"ca","potentialAction":[{"@type":"ReadAction","target":["https:\/\/nubo.energy\/ca\/beneficis\/"]}]},{"@type":"ImageObject","inLanguage":"ca","@id":"https:\/\/nubo.energy\/ca\/beneficis\/#primaryimage","url":"https:\/\/nubo.energy\/wp-content\/uploads\/2025\/09\/sostenibilidad-1-1024x968.jpg","contentUrl":"https:\/\/nubo.energy\/wp-content\/uploads\/2025\/09\/sostenibilidad-1-1024x968.jpg"},{"@type":"BreadcrumbList","@id":"https:\/\/nubo.energy\/ca\/beneficis\/#breadcrumb","itemListElement":[{"@type":"ListItem","position":1,"name":"Portada","item":"https:\/\/nubo.energy\/ca\/"},{"@type":"ListItem","position":2,"name":"Beneficis"}]},{"@type":"WebSite","@id":"https:\/\/nubo.energy\/ca\/#website","url":"https:\/\/nubo.energy\/ca\/","name":"Nubo Energy","description":"Eficiencia y ahorro en tu energ\u00eda","publisher":{"@id":"https:\/\/nubo.energy\/ca\/#organization"},"potentialAction":[{"@type":"SearchAction","target":{"@type":"EntryPoint","urlTemplate":"https:\/\/nubo.energy\/ca\/?s={search_term_string}"},"query-input":{"@type":"PropertyValueSpecification","valueRequired":true,"valueName":"search_term_string"}}],"inLanguage":"ca"},{"@type":"Organization","@id":"https:\/\/nubo.energy\/ca\/#organization","name":"Nubo Energy","url":"https:\/\/nubo.energy\/ca\/","logo":{"@type":"ImageObject","inLanguage":"ca","@id":"https:\/\/nubo.energy\/ca\/#\/schema\/logo\/image\/","url":"https:\/\/nubo.energy\/wp-content\/uploads\/2025\/06\/nuboenergy_logo.webp","contentUrl":"https:\/\/nubo.energy\/wp-content\/uploads\/2025\/06\/nuboenergy_logo.webp","width":500,"height":186,"caption":"Nubo Energy"},"image":{"@id":"https:\/\/nubo.energy\/ca\/#\/schema\/logo\/image\/"}}]}},"_links":{"self":[{"href":"https:\/\/nubo.energy\/ca\/wp-json\/wp\/v2\/pages\/867","targetHints":{"allow":["GET"]}}],"collection":[{"href":"https:\/\/nubo.energy\/ca\/wp-json\/wp\/v2\/pages"}],"about":[{"href":"https:\/\/nubo.energy\/ca\/wp-json\/wp\/v2\/types\/page"}],"author":[{"embeddable":true,"href":"https:\/\/nubo.energy\/ca\/wp-json\/wp\/v2\/users\/3"}],"replies":[{"embeddable":true,"href":"https:\/\/nubo.energy\/ca\/wp-json\/wp\/v2\/comments?post=867"}],"version-history":[{"count":1,"href":"https:\/\/nubo.energy\/ca\/wp-json\/wp\/v2\/pages\/867\/revisions"}],"predecessor-version":[{"id":868,"href":"https:\/\/nubo.energy\/ca\/wp-json\/wp\/v2\/pages\/867\/revisions\/868"}],"wp:attachment":[{"href":"https:\/\/nubo.energy\/ca\/wp-json\/wp\/v2\/media?parent=867"}],"curies":[{"name":"wp","href":"https:\/\/api.w.org\/{rel}","templated":true}]}}