{"id":875,"date":"2025-09-02T15:51:34","date_gmt":"2025-09-02T13:51:34","guid":{"rendered":"https:\/\/nubo.energy\/serveis\/"},"modified":"2026-03-12T15:43:26","modified_gmt":"2026-03-12T13:43:26","slug":"serveis","status":"publish","type":"page","link":"https:\/\/nubo.energy\/ca\/serveis\/","title":{"rendered":"Serveis"},"content":{"rendered":"\t\t<div data-elementor-type=\"wp-page\" data-elementor-id=\"875\" class=\"elementor elementor-875 elementor-438\">\n\t\t\t\t<div class=\"elementor-element elementor-element-6c54812 e-con-full e-flex e-con e-parent\" data-id=\"6c54812\" data-element_type=\"container\" data-e-type=\"container\" data-settings=\"{&quot;background_background&quot;:&quot;gradient&quot;}\">\n\t\t<div class=\"elementor-element elementor-element-7890780 e-flex e-con-boxed e-con e-child\" data-id=\"7890780\" data-element_type=\"container\" data-e-type=\"container\">\n\t\t\t\t\t<div class=\"e-con-inner\">\n\t\t\t\t<div class=\"elementor-element elementor-element-aff7a03 elementor-widget__width-initial elementor-widget elementor-widget-heading\" data-id=\"aff7a03\" data-element_type=\"widget\" data-e-type=\"widget\" data-widget_type=\"heading.default\">\n\t\t\t\t<div class=\"elementor-widget-container\">\n\t\t\t\t\t<h1 class=\"elementor-heading-title elementor-size-default\">Els nostres serveis<\/h1>\t\t\t\t<\/div>\n\t\t\t\t<\/div>\n\t\t\t\t<div class=\"elementor-element elementor-element-db9a80f elementor-widget__width-initial elementor-widget elementor-widget-heading\" data-id=\"db9a80f\" data-element_type=\"widget\" data-e-type=\"widget\" data-widget_type=\"heading.default\">\n\t\t\t\t<div class=\"elementor-widget-container\">\n\t\t\t\t\t<h2 class=\"elementor-heading-title elementor-size-default\">Serveis que us ajudaran a reduir el vostre consum energ\u00e8tic<\/h2>\t\t\t\t<\/div>\n\t\t\t\t<\/div>\n\t\t\t\t\t<\/div>\n\t\t\t\t<\/div>\n\t\t<div class=\"elementor-element elementor-element-ae7cea0 e-flex e-con-boxed e-con e-child\" data-id=\"ae7cea0\" data-element_type=\"container\" data-e-type=\"container\">\n\t\t\t\t\t<div class=\"e-con-inner\">\n\t\t\t\t<div class=\"elementor-element elementor-element-ce789a1 elementor-widget__width-initial elementor-widget elementor-widget-heading\" data-id=\"ce789a1\" data-element_type=\"widget\" data-e-type=\"widget\" data-widget_type=\"heading.default\">\n\t\t\t\t<div class=\"elementor-widget-container\">\n\t\t\t\t\t<h2 class=\"elementor-heading-title elementor-size-default\">Auditoria Energ\u00e8tica<\/h2>\t\t\t\t<\/div>\n\t\t\t\t<\/div>\n\t\t\t\t\t<\/div>\n\t\t\t\t<\/div>\n\t\t<div class=\"elementor-element elementor-element-04ade15 e-flex e-con-boxed e-con e-child\" data-id=\"04ade15\" data-element_type=\"container\" data-e-type=\"container\">\n\t\t\t\t\t<div class=\"e-con-inner\">\n\t\t<div class=\"elementor-element elementor-element-39b9c47 e-con-full e-flex e-con e-child\" data-id=\"39b9c47\" data-element_type=\"container\" data-e-type=\"container\" data-settings=\"{&quot;background_background&quot;:&quot;gradient&quot;}\">\n\t\t\t\t<div class=\"elementor-element elementor-element-a48be13 elementor-widget elementor-widget-heading\" data-id=\"a48be13\" data-element_type=\"widget\" data-e-type=\"widget\" data-widget_type=\"heading.default\">\n\t\t\t\t<div class=\"elementor-widget-container\">\n\t\t\t\t\t<h3 class=\"elementor-heading-title elementor-size-default\">Analitzem el consum energ\u00e8tic i et donem un informe detallat amb recomanacions espec\u00edfiques.<\/h3>\t\t\t\t<\/div>\n\t\t\t\t<\/div>\n\t\t\t\t<\/div>\n\t\t<div class=\"elementor-element elementor-element-2883cd7 e-con-full e-flex e-con e-child\" data-id=\"2883cd7\" data-element_type=\"container\" data-e-type=\"container\" data-settings=\"{&quot;background_background&quot;:&quot;gradient&quot;}\">\n\t\t\t\t<div class=\"elementor-element elementor-element-0ce6642 elementor-widget elementor-widget-heading\" data-id=\"0ce6642\" data-element_type=\"widget\" data-e-type=\"widget\" data-widget_type=\"heading.default\">\n\t\t\t\t<div class=\"elementor-widget-container\">\n\t\t\t\t\t<h3 class=\"elementor-heading-title elementor-size-default\">Coneixer\u00e0s quins electrodom\u00e8stics o equips consumeixen m\u00e9s energia i com optimitzar-los.<\/h3>\t\t\t\t<\/div>\n\t\t\t\t<\/div>\n\t\t\t\t<div class=\"elementor-element elementor-element-6a4e7dc elementor-align-left elementor-mobile-align-center elementor-widget elementor-widget-button\" data-id=\"6a4e7dc\" data-element_type=\"widget\" data-e-type=\"widget\" data-widget_type=\"button.default\">\n\t\t\t\t<div class=\"elementor-widget-container\">\n\t\t\t\t\t\t\t\t\t<div class=\"elementor-button-wrapper\">\n\t\t\t\t\t<a class=\"elementor-button elementor-button-link elementor-size-sm\" href=\"https:\/\/nubo.energy\/ca\/contacte\/\">\n\t\t\t\t\t\t<span class=\"elementor-button-content-wrapper\">\n\t\t\t\t\t\t\t\t\t<span class=\"elementor-button-text\">Sol\u00b7licitar auditoria<\/span>\n\t\t\t\t\t<\/span>\n\t\t\t\t\t<\/a>\n\t\t\t\t<\/div>\n\t\t\t\t\t\t\t\t<\/div>\n\t\t\t\t<\/div>\n\t\t\t\t<\/div>\n\t\t<div class=\"elementor-element elementor-element-89d0d7f e-con-full e-flex e-con e-child\" data-id=\"89d0d7f\" data-element_type=\"container\" data-e-type=\"container\" data-settings=\"{&quot;background_background&quot;:&quot;classic&quot;}\">\n\t\t\t\t<\/div>\n\t\t\t\t\t<\/div>\n\t\t\t\t<\/div>\n\t\t\t\t<\/div>\n\t\t<div class=\"elementor-element elementor-element-b066834 e-con-full e-flex e-con e-parent\" data-id=\"b066834\" data-element_type=\"container\" data-e-type=\"container\" data-settings=\"{&quot;background_background&quot;:&quot;gradient&quot;}\">\n\t\t<div class=\"elementor-element elementor-element-9293ef6 e-flex e-con-boxed e-con e-child\" data-id=\"9293ef6\" data-element_type=\"container\" data-e-type=\"container\">\n\t\t\t\t\t<div class=\"e-con-inner\">\n\t\t\t\t<div class=\"elementor-element elementor-element-14b1482 elementor-widget__width-initial elementor-widget elementor-widget-heading\" data-id=\"14b1482\" data-element_type=\"widget\" data-e-type=\"widget\" data-widget_type=\"heading.default\">\n\t\t\t\t<div class=\"elementor-widget-container\">\n\t\t\t\t\t<h2 class=\"elementor-heading-title elementor-size-default\">Optimitzaci\u00f3 de Contractes de Subministrament de Llum i Gas<\/h2>\t\t\t\t<\/div>\n\t\t\t\t<\/div>\n\t\t\t\t\t<\/div>\n\t\t\t\t<\/div>\n\t\t<div class=\"elementor-element elementor-element-54b87ba e-flex e-con-boxed e-con e-child\" data-id=\"54b87ba\" data-element_type=\"container\" data-e-type=\"container\">\n\t\t\t\t\t<div class=\"e-con-inner\">\n\t\t<div class=\"elementor-element elementor-element-415f6d8 e-con-full e-flex e-con e-child\" data-id=\"415f6d8\" data-element_type=\"container\" data-e-type=\"container\" data-settings=\"{&quot;background_background&quot;:&quot;classic&quot;}\">\n\t\t\t\t<\/div>\n\t\t<div class=\"elementor-element elementor-element-8addd99 e-con-full e-flex e-con e-child\" data-id=\"8addd99\" data-element_type=\"container\" data-e-type=\"container\" data-settings=\"{&quot;background_background&quot;:&quot;gradient&quot;}\">\n\t\t\t\t<div class=\"elementor-element elementor-element-37ff6bd elementor-widget elementor-widget-heading\" data-id=\"37ff6bd\" data-element_type=\"widget\" data-e-type=\"widget\" data-widget_type=\"heading.default\">\n\t\t\t\t<div class=\"elementor-widget-container\">\n\t\t\t\t\t<h3 class=\"elementor-heading-title elementor-size-default\">Revisi\u00f3 i renegociaci\u00f3 de tarifes per aconseguir el millor preu.<\/h3>\t\t\t\t<\/div>\n\t\t\t\t<\/div>\n\t\t\t\t<\/div>\n\t\t<div class=\"elementor-element elementor-element-52849bd e-con-full e-flex e-con e-child\" data-id=\"52849bd\" data-element_type=\"container\" data-e-type=\"container\" data-settings=\"{&quot;background_background&quot;:&quot;gradient&quot;}\">\n\t\t\t\t<div class=\"elementor-element elementor-element-d679e96 elementor-widget elementor-widget-heading\" data-id=\"d679e96\" data-element_type=\"widget\" data-e-type=\"widget\" data-widget_type=\"heading.default\">\n\t\t\t\t<div class=\"elementor-widget-container\">\n\t\t\t\t\t<h3 class=\"elementor-heading-title elementor-size-default\">Aconseguir\u00e0s tarifes m\u00e9s competitives i adaptades al teu consum real.<\/h3>\t\t\t\t<\/div>\n\t\t\t\t<\/div>\n\t\t\t\t<div class=\"elementor-element elementor-element-419ca48 elementor-align-left elementor-mobile-align-center elementor-widget elementor-widget-button\" data-id=\"419ca48\" data-element_type=\"widget\" data-e-type=\"widget\" data-widget_type=\"button.default\">\n\t\t\t\t<div class=\"elementor-widget-container\">\n\t\t\t\t\t\t\t\t\t<div class=\"elementor-button-wrapper\">\n\t\t\t\t\t<a class=\"elementor-button elementor-button-link elementor-size-sm\" href=\"https:\/\/nubo.energy\/ca\/contacte\/\">\n\t\t\t\t\t\t<span class=\"elementor-button-content-wrapper\">\n\t\t\t\t\t\t\t\t\t<span class=\"elementor-button-text\">Saber m\u00e9s<\/span>\n\t\t\t\t\t<\/span>\n\t\t\t\t\t<\/a>\n\t\t\t\t<\/div>\n\t\t\t\t\t\t\t\t<\/div>\n\t\t\t\t<\/div>\n\t\t\t\t<\/div>\n\t\t\t\t\t<\/div>\n\t\t\t\t<\/div>\n\t\t\t\t<\/div>\n\t\t<div class=\"elementor-element elementor-element-3fd061d e-con-full e-flex e-con e-parent\" data-id=\"3fd061d\" data-element_type=\"container\" data-e-type=\"container\" data-settings=\"{&quot;background_background&quot;:&quot;gradient&quot;}\">\n\t\t<div class=\"elementor-element elementor-element-90c814c e-flex e-con-boxed e-con e-child\" data-id=\"90c814c\" data-element_type=\"container\" data-e-type=\"container\">\n\t\t\t\t\t<div class=\"e-con-inner\">\n\t\t\t\t<div class=\"elementor-element elementor-element-8b32484 elementor-widget__width-initial elementor-widget elementor-widget-heading\" data-id=\"8b32484\" data-element_type=\"widget\" data-e-type=\"widget\" data-widget_type=\"heading.default\">\n\t\t\t\t<div class=\"elementor-widget-container\">\n\t\t\t\t\t<h2 class=\"elementor-heading-title elementor-size-default\">Instal\u00b7laci\u00f3 d'Equips d'Efici\u00e8ncia Energ\u00e8tica<\/h2>\t\t\t\t<\/div>\n\t\t\t\t<\/div>\n\t\t\t\t\t<\/div>\n\t\t\t\t<\/div>\n\t\t<div class=\"elementor-element elementor-element-ec5b11e e-flex e-con-boxed e-con e-child\" data-id=\"ec5b11e\" data-element_type=\"container\" data-e-type=\"container\">\n\t\t\t\t\t<div class=\"e-con-inner\">\n\t\t<div class=\"elementor-element elementor-element-e8a2f4b e-con-full e-flex e-con e-child\" data-id=\"e8a2f4b\" data-element_type=\"container\" data-e-type=\"container\" data-settings=\"{&quot;background_background&quot;:&quot;gradient&quot;}\">\n\t\t\t\t<div class=\"elementor-element elementor-element-8296966 elementor-widget elementor-widget-heading\" data-id=\"8296966\" data-element_type=\"widget\" data-e-type=\"widget\" data-widget_type=\"heading.default\">\n\t\t\t\t<div class=\"elementor-widget-container\">\n\t\t\t\t\t<h3 class=\"elementor-heading-title elementor-size-default\">Instal\u00b7lem dispositius de control i optimitzaci\u00f3, com term\u00f2stats intel\u00b7ligents, bombetes LED, etc.<\/h3>\t\t\t\t<\/div>\n\t\t\t\t<\/div>\n\t\t\t\t<\/div>\n\t\t<div class=\"elementor-element elementor-element-5f90687 e-con-full e-flex e-con e-child\" data-id=\"5f90687\" data-element_type=\"container\" data-e-type=\"container\" data-settings=\"{&quot;background_background&quot;:&quot;classic&quot;}\">\n\t\t\t\t<\/div>\n\t\t<div class=\"elementor-element elementor-element-f73b793 e-con-full e-flex e-con e-child\" data-id=\"f73b793\" data-element_type=\"container\" data-e-type=\"container\" data-settings=\"{&quot;background_background&quot;:&quot;gradient&quot;}\">\n\t\t\t\t<div class=\"elementor-element elementor-element-9c7e6bd elementor-widget elementor-widget-heading\" data-id=\"9c7e6bd\" data-element_type=\"widget\" data-e-type=\"widget\" data-widget_type=\"heading.default\">\n\t\t\t\t<div class=\"elementor-widget-container\">\n\t\t\t\t\t<h3 class=\"elementor-heading-title elementor-size-default\">Reduir\u00e0s els consums diaris sense sacrificar confort.<\/h3>\t\t\t\t<\/div>\n\t\t\t\t<\/div>\n\t\t\t\t<div class=\"elementor-element elementor-element-b33462d elementor-align-left elementor-mobile-align-center elementor-widget elementor-widget-button\" data-id=\"b33462d\" data-element_type=\"widget\" data-e-type=\"widget\" data-widget_type=\"button.default\">\n\t\t\t\t<div class=\"elementor-widget-container\">\n\t\t\t\t\t\t\t\t\t<div class=\"elementor-button-wrapper\">\n\t\t\t\t\t<a class=\"elementor-button elementor-button-link elementor-size-sm\" href=\"https:\/\/nubo.energy\/ca\/contacte\/\">\n\t\t\t\t\t\t<span class=\"elementor-button-content-wrapper\">\n\t\t\t\t\t\t\t\t\t<span class=\"elementor-button-text\">Saber m\u00e9s<\/span>\n\t\t\t\t\t<\/span>\n\t\t\t\t\t<\/a>\n\t\t\t\t<\/div>\n\t\t\t\t\t\t\t\t<\/div>\n\t\t\t\t<\/div>\n\t\t\t\t<\/div>\n\t\t\t\t\t<\/div>\n\t\t\t\t<\/div>\n\t\t\t\t<\/div>\n\t\t<div class=\"elementor-element elementor-element-f486ad2 e-con-full e-flex e-con e-parent\" data-id=\"f486ad2\" data-element_type=\"container\" data-e-type=\"container\" data-settings=\"{&quot;background_background&quot;:&quot;gradient&quot;}\">\n\t\t<div class=\"elementor-element elementor-element-4790d73 e-flex e-con-boxed e-con e-child\" data-id=\"4790d73\" data-element_type=\"container\" data-e-type=\"container\">\n\t\t\t\t\t<div class=\"e-con-inner\">\n\t\t\t\t<div class=\"elementor-element elementor-element-7414198 elementor-widget__width-initial elementor-widget elementor-widget-heading\" data-id=\"7414198\" data-element_type=\"widget\" data-e-type=\"widget\" data-widget_type=\"heading.default\">\n\t\t\t\t<div class=\"elementor-widget-container\">\n\t\t\t\t\t<h2 class=\"elementor-heading-title elementor-size-default\">Consultoria i Assessorament Personalitzat<\/h2>\t\t\t\t<\/div>\n\t\t\t\t<\/div>\n\t\t\t\t\t<\/div>\n\t\t\t\t<\/div>\n\t\t<div class=\"elementor-element elementor-element-1db5e05 e-flex e-con-boxed e-con e-child\" data-id=\"1db5e05\" data-element_type=\"container\" data-e-type=\"container\">\n\t\t\t\t\t<div class=\"e-con-inner\">\n\t\t<div class=\"elementor-element elementor-element-877c0ca e-con-full e-flex e-con e-child\" data-id=\"877c0ca\" data-element_type=\"container\" data-e-type=\"container\" data-settings=\"{&quot;background_background&quot;:&quot;gradient&quot;}\">\n\t\t\t\t<div class=\"elementor-element elementor-element-3f461ce elementor-widget elementor-widget-heading\" data-id=\"3f461ce\" data-element_type=\"widget\" data-e-type=\"widget\" data-widget_type=\"heading.default\">\n\t\t\t\t<div class=\"elementor-widget-container\">\n\t\t\t\t\t<h3 class=\"elementor-heading-title elementor-size-default\">Els nostres experts us guiaran per optimitzar la vostra llar o empresa.<\/h3>\t\t\t\t<\/div>\n\t\t\t\t<\/div>\n\t\t\t\t<\/div>\n\t\t<div class=\"elementor-element elementor-element-58d2abc e-con-full e-flex e-con e-child\" data-id=\"58d2abc\" data-element_type=\"container\" data-e-type=\"container\" data-settings=\"{&quot;background_background&quot;:&quot;gradient&quot;}\">\n\t\t\t\t<div class=\"elementor-element elementor-element-d045eb0 elementor-widget elementor-widget-heading\" data-id=\"d045eb0\" data-element_type=\"widget\" data-e-type=\"widget\" data-widget_type=\"heading.default\">\n\t\t\t\t<div class=\"elementor-widget-container\">\n\t\t\t\t\t<h3 class=\"elementor-heading-title elementor-size-default\">Estalvi a llarg termini i m\u00e9s efici\u00e8ncia en la teva gesti\u00f3 energ\u00e8tica.<\/h3>\t\t\t\t<\/div>\n\t\t\t\t<\/div>\n\t\t\t\t<div class=\"elementor-element elementor-element-ad030eb elementor-align-left elementor-mobile-align-center elementor-widget elementor-widget-button\" data-id=\"ad030eb\" data-element_type=\"widget\" data-e-type=\"widget\" data-widget_type=\"button.default\">\n\t\t\t\t<div class=\"elementor-widget-container\">\n\t\t\t\t\t\t\t\t\t<div class=\"elementor-button-wrapper\">\n\t\t\t\t\t<a class=\"elementor-button elementor-button-link elementor-size-sm\" href=\"https:\/\/nubo.energy\/ca\/contacte\/\">\n\t\t\t\t\t\t<span class=\"elementor-button-content-wrapper\">\n\t\t\t\t\t\t\t\t\t<span class=\"elementor-button-text\">Saber m\u00e9s<\/span>\n\t\t\t\t\t<\/span>\n\t\t\t\t\t<\/a>\n\t\t\t\t<\/div>\n\t\t\t\t\t\t\t\t<\/div>\n\t\t\t\t<\/div>\n\t\t\t\t<\/div>\n\t\t<div class=\"elementor-element elementor-element-caf2fd4 e-con-full e-flex e-con e-child\" data-id=\"caf2fd4\" data-element_type=\"container\" data-e-type=\"container\" data-settings=\"{&quot;background_background&quot;:&quot;classic&quot;}\">\n\t\t\t\t<\/div>\n\t\t\t\t\t<\/div>\n\t\t\t\t<\/div>\n\t\t\t\t<\/div>\n\t\t\t\t<\/div>\n\t\t","protected":false},"excerpt":{"rendered":"<p>Els nostres serveis Serveis que us ajudaran a reduir el vostre consum energ\u00e8tic Auditoria Energ\u00e8tica Analitzem el consum energ\u00e8tic i et donem un informe detallat amb recomanacions espec\u00edfiques. Coneixer\u00e0s quins electrodom\u00e8stics o equips consumeixen m\u00e9s energia i com optimitzar-los. Sol\u00b7licitar auditoria Optimitzaci\u00f3 de Contractes de Subministrament de Llum i Gas Revisi\u00f3 i renegociaci\u00f3 de tarifes [&hellip;]<\/p>\n","protected":false},"author":3,"featured_media":0,"parent":0,"menu_order":0,"comment_status":"closed","ping_status":"closed","template":"","meta":{"footnotes":""},"class_list":["post-875","page","type-page","status-publish","hentry"],"yoast_head":"<!-- This site is optimized with the Yoast SEO plugin v27.1.1 - https:\/\/yoast.com\/product\/yoast-seo-wordpress\/ -->\n<title>Serveis - Nubo Energy<\/title>\n<meta name=\"robots\" content=\"index, follow, max-snippet:-1, max-image-preview:large, max-video-preview:-1\" \/>\n<link rel=\"canonical\" href=\"https:\/\/nubo.energy\/ca\/serveis\/\" \/>\n<meta property=\"og:locale\" content=\"ca_ES\" \/>\n<meta property=\"og:type\" content=\"article\" \/>\n<meta property=\"og:title\" content=\"Serveis - Nubo Energy\" \/>\n<meta property=\"og:description\" content=\"Els nostres serveis Serveis que us ajudaran a reduir el vostre consum energ\u00e8tic Auditoria Energ\u00e8tica Analitzem el consum energ\u00e8tic i et donem un informe detallat amb recomanacions espec\u00edfiques. Coneixer\u00e0s quins electrodom\u00e8stics o equips consumeixen m\u00e9s energia i com optimitzar-los. Sol\u00b7licitar auditoria Optimitzaci\u00f3 de Contractes de Subministrament de Llum i Gas Revisi\u00f3 i renegociaci\u00f3 de tarifes [&hellip;]\" \/>\n<meta property=\"og:url\" content=\"https:\/\/nubo.energy\/ca\/serveis\/\" \/>\n<meta property=\"og:site_name\" content=\"Nubo Energy\" \/>\n<meta property=\"article:modified_time\" content=\"2026-03-12T13:43:26+00:00\" \/>\n<meta name=\"twitter:card\" content=\"summary_large_image\" \/>\n<meta name=\"twitter:label1\" content=\"Temps estimat de lectura\" \/>\n\t<meta name=\"twitter:data1\" content=\"1 minut\" \/>\n<script type=\"application\/ld+json\" class=\"yoast-schema-graph\">{\"@context\":\"https:\/\/schema.org\",\"@graph\":[{\"@type\":\"WebPage\",\"@id\":\"https:\/\/nubo.energy\/ca\/serveis\/\",\"url\":\"https:\/\/nubo.energy\/ca\/serveis\/\",\"name\":\"Serveis - Nubo Energy\",\"isPartOf\":{\"@id\":\"https:\/\/nubo.energy\/ca\/#website\"},\"datePublished\":\"2025-09-02T13:51:34+00:00\",\"dateModified\":\"2026-03-12T13:43:26+00:00\",\"breadcrumb\":{\"@id\":\"https:\/\/nubo.energy\/ca\/serveis\/#breadcrumb\"},\"inLanguage\":\"ca\",\"potentialAction\":[{\"@type\":\"ReadAction\",\"target\":[\"https:\/\/nubo.energy\/ca\/serveis\/\"]}]},{\"@type\":\"BreadcrumbList\",\"@id\":\"https:\/\/nubo.energy\/ca\/serveis\/#breadcrumb\",\"itemListElement\":[{\"@type\":\"ListItem\",\"position\":1,\"name\":\"Portada\",\"item\":\"https:\/\/nubo.energy\/ca\/\"},{\"@type\":\"ListItem\",\"position\":2,\"name\":\"Serveis\"}]},{\"@type\":\"WebSite\",\"@id\":\"https:\/\/nubo.energy\/ca\/#website\",\"url\":\"https:\/\/nubo.energy\/ca\/\",\"name\":\"Nubo Energy\",\"description\":\"Eficiencia y ahorro en tu energ\u00eda\",\"publisher\":{\"@id\":\"https:\/\/nubo.energy\/ca\/#organization\"},\"potentialAction\":[{\"@type\":\"SearchAction\",\"target\":{\"@type\":\"EntryPoint\",\"urlTemplate\":\"https:\/\/nubo.energy\/ca\/?s={search_term_string}\"},\"query-input\":{\"@type\":\"PropertyValueSpecification\",\"valueRequired\":true,\"valueName\":\"search_term_string\"}}],\"inLanguage\":\"ca\"},{\"@type\":\"Organization\",\"@id\":\"https:\/\/nubo.energy\/ca\/#organization\",\"name\":\"Nubo Energy\",\"url\":\"https:\/\/nubo.energy\/ca\/\",\"logo\":{\"@type\":\"ImageObject\",\"inLanguage\":\"ca\",\"@id\":\"https:\/\/nubo.energy\/ca\/#\/schema\/logo\/image\/\",\"url\":\"https:\/\/nubo.energy\/wp-content\/uploads\/2025\/06\/nuboenergy_logo.webp\",\"contentUrl\":\"https:\/\/nubo.energy\/wp-content\/uploads\/2025\/06\/nuboenergy_logo.webp\",\"width\":500,\"height\":186,\"caption\":\"Nubo Energy\"},\"image\":{\"@id\":\"https:\/\/nubo.energy\/ca\/#\/schema\/logo\/image\/\"}}]}<\/script>\n<!-- \/ Yoast SEO plugin. -->","yoast_head_json":{"title":"Serveis - Nubo Energy","robots":{"index":"index","follow":"follow","max-snippet":"max-snippet:-1","max-image-preview":"max-image-preview:large","max-video-preview":"max-video-preview:-1"},"canonical":"https:\/\/nubo.energy\/ca\/serveis\/","og_locale":"ca_ES","og_type":"article","og_title":"Serveis - Nubo Energy","og_description":"Els nostres serveis Serveis que us ajudaran a reduir el vostre consum energ\u00e8tic Auditoria Energ\u00e8tica Analitzem el consum energ\u00e8tic i et donem un informe detallat amb recomanacions espec\u00edfiques. Coneixer\u00e0s quins electrodom\u00e8stics o equips consumeixen m\u00e9s energia i com optimitzar-los. Sol\u00b7licitar auditoria Optimitzaci\u00f3 de Contractes de Subministrament de Llum i Gas Revisi\u00f3 i renegociaci\u00f3 de tarifes [&hellip;]","og_url":"https:\/\/nubo.energy\/ca\/serveis\/","og_site_name":"Nubo Energy","article_modified_time":"2026-03-12T13:43:26+00:00","twitter_card":"summary_large_image","twitter_misc":{"Temps estimat de lectura":"1 minut"},"schema":{"@context":"https:\/\/schema.org","@graph":[{"@type":"WebPage","@id":"https:\/\/nubo.energy\/ca\/serveis\/","url":"https:\/\/nubo.energy\/ca\/serveis\/","name":"Serveis - Nubo Energy","isPartOf":{"@id":"https:\/\/nubo.energy\/ca\/#website"},"datePublished":"2025-09-02T13:51:34+00:00","dateModified":"2026-03-12T13:43:26+00:00","breadcrumb":{"@id":"https:\/\/nubo.energy\/ca\/serveis\/#breadcrumb"},"inLanguage":"ca","potentialAction":[{"@type":"ReadAction","target":["https:\/\/nubo.energy\/ca\/serveis\/"]}]},{"@type":"BreadcrumbList","@id":"https:\/\/nubo.energy\/ca\/serveis\/#breadcrumb","itemListElement":[{"@type":"ListItem","position":1,"name":"Portada","item":"https:\/\/nubo.energy\/ca\/"},{"@type":"ListItem","position":2,"name":"Serveis"}]},{"@type":"WebSite","@id":"https:\/\/nubo.energy\/ca\/#website","url":"https:\/\/nubo.energy\/ca\/","name":"Nubo Energy","description":"Eficiencia y ahorro en tu energ\u00eda","publisher":{"@id":"https:\/\/nubo.energy\/ca\/#organization"},"potentialAction":[{"@type":"SearchAction","target":{"@type":"EntryPoint","urlTemplate":"https:\/\/nubo.energy\/ca\/?s={search_term_string}"},"query-input":{"@type":"PropertyValueSpecification","valueRequired":true,"valueName":"search_term_string"}}],"inLanguage":"ca"},{"@type":"Organization","@id":"https:\/\/nubo.energy\/ca\/#organization","name":"Nubo Energy","url":"https:\/\/nubo.energy\/ca\/","logo":{"@type":"ImageObject","inLanguage":"ca","@id":"https:\/\/nubo.energy\/ca\/#\/schema\/logo\/image\/","url":"https:\/\/nubo.energy\/wp-content\/uploads\/2025\/06\/nuboenergy_logo.webp","contentUrl":"https:\/\/nubo.energy\/wp-content\/uploads\/2025\/06\/nuboenergy_logo.webp","width":500,"height":186,"caption":"Nubo Energy"},"image":{"@id":"https:\/\/nubo.energy\/ca\/#\/schema\/logo\/image\/"}}]}},"_links":{"self":[{"href":"https:\/\/nubo.energy\/ca\/wp-json\/wp\/v2\/pages\/875","targetHints":{"allow":["GET"]}}],"collection":[{"href":"https:\/\/nubo.energy\/ca\/wp-json\/wp\/v2\/pages"}],"about":[{"href":"https:\/\/nubo.energy\/ca\/wp-json\/wp\/v2\/types\/page"}],"author":[{"embeddable":true,"href":"https:\/\/nubo.energy\/ca\/wp-json\/wp\/v2\/users\/3"}],"replies":[{"embeddable":true,"href":"https:\/\/nubo.energy\/ca\/wp-json\/wp\/v2\/comments?post=875"}],"version-history":[{"count":5,"href":"https:\/\/nubo.energy\/ca\/wp-json\/wp\/v2\/pages\/875\/revisions"}],"predecessor-version":[{"id":949,"href":"https:\/\/nubo.energy\/ca\/wp-json\/wp\/v2\/pages\/875\/revisions\/949"}],"wp:attachment":[{"href":"https:\/\/nubo.energy\/ca\/wp-json\/wp\/v2\/media?parent=875"}],"curies":[{"name":"wp","href":"https:\/\/api.w.org\/{rel}","templated":true}]}}