{"id":877,"date":"2025-09-02T14:15:26","date_gmt":"2025-09-02T12:15:26","guid":{"rendered":"https:\/\/nubo.energy\/sobre-nosaltres\/"},"modified":"2026-03-11T19:16:30","modified_gmt":"2026-03-11T17:16:30","slug":"sobre-nosaltres","status":"publish","type":"page","link":"https:\/\/nubo.energy\/ca\/sobre-nosaltres\/","title":{"rendered":"Sobre nosaltres"},"content":{"rendered":"\t\t<div data-elementor-type=\"wp-page\" data-elementor-id=\"877\" class=\"elementor elementor-877 elementor-296\">\n\t\t\t\t<div class=\"elementor-element elementor-element-6c54812 e-con-full e-flex e-con e-parent\" data-id=\"6c54812\" data-element_type=\"container\" data-e-type=\"container\" data-settings=\"{&quot;background_background&quot;:&quot;gradient&quot;}\">\n\t\t<div class=\"elementor-element elementor-element-7890780 e-flex e-con-boxed e-con e-child\" data-id=\"7890780\" data-element_type=\"container\" data-e-type=\"container\">\n\t\t\t\t\t<div class=\"e-con-inner\">\n\t\t\t\t<div class=\"elementor-element elementor-element-aff7a03 elementor-widget__width-initial elementor-widget elementor-widget-heading\" data-id=\"aff7a03\" data-element_type=\"widget\" data-e-type=\"widget\" data-widget_type=\"heading.default\">\n\t\t\t\t<div class=\"elementor-widget-container\">\n\t\t\t\t\t<h1 class=\"elementor-heading-title elementor-size-default\">Sobre Nosaltres<\/h1>\t\t\t\t<\/div>\n\t\t\t\t<\/div>\n\t\t\t\t<div class=\"elementor-element elementor-element-db9a80f elementor-widget__width-initial elementor-widget elementor-widget-heading\" data-id=\"db9a80f\" data-element_type=\"widget\" data-e-type=\"widget\" data-widget_type=\"heading.default\">\n\t\t\t\t<div class=\"elementor-widget-container\">\n\t\t\t\t\t<h2 class=\"elementor-heading-title elementor-size-default\">Coneix la nostra missi\u00f3: millorar la teva efici\u00e8ncia energ\u00e8tica<\/h2>\t\t\t\t<\/div>\n\t\t\t\t<\/div>\n\t\t\t\t<div class=\"elementor-element elementor-element-8e2edf0 elementor-widget__width-initial elementor-widget elementor-widget-text-editor\" data-id=\"8e2edf0\" data-element_type=\"widget\" data-e-type=\"widget\" data-widget_type=\"text-editor.default\">\n\t\t\t\t<div class=\"elementor-widget-container\">\n\t\t\t\t\t\t\t\t\t<p>Nubo Energy neix per donar un servei de consultoria integral oferint les millors solucions a PIMES, consumidors energ\u00e8tics i comercialitzadores de llum i gas, per optimitzar la seva estrat\u00e8gia energ\u00e8tica.<\/p>\t\t\t\t\t\t\t\t<\/div>\n\t\t\t\t<\/div>\n\t\t<div class=\"elementor-element elementor-element-1d54602 e-con-full e-flex e-con e-child\" data-id=\"1d54602\" data-element_type=\"container\" data-e-type=\"container\" data-settings=\"{&quot;background_background&quot;:&quot;classic&quot;}\">\n\t\t<div class=\"elementor-element elementor-element-c53c92f e-con-full e-flex e-con e-child\" data-id=\"c53c92f\" data-element_type=\"container\" data-e-type=\"container\">\n\t\t<div class=\"elementor-element elementor-element-673e9b7 e-con-full e-flex e-con e-child\" data-id=\"673e9b7\" data-element_type=\"container\" data-e-type=\"container\">\n\t\t\t\t<div class=\"elementor-element elementor-element-12c2096 elementor-widget elementor-widget-heading\" data-id=\"12c2096\" data-element_type=\"widget\" data-e-type=\"widget\" data-widget_type=\"heading.default\">\n\t\t\t\t<div class=\"elementor-widget-container\">\n\t\t\t\t\t<h2 class=\"elementor-heading-title elementor-size-default\">El nostre principal objectiu:<br>l'estalvi econ\u00f2mic dels nostres clients<\/h2>\t\t\t\t<\/div>\n\t\t\t\t<\/div>\n\t\t\t\t<\/div>\n\t\t<div class=\"elementor-element elementor-element-fe68e7f e-con-full e-flex e-con e-child\" data-id=\"fe68e7f\" data-element_type=\"container\" data-e-type=\"container\">\n\t\t\t\t<div class=\"elementor-element elementor-element-4e58574 elementor-widget__width-initial elementor-widget elementor-widget-text-editor\" data-id=\"4e58574\" data-element_type=\"widget\" data-e-type=\"widget\" data-widget_type=\"text-editor.default\">\n\t\t\t\t<div class=\"elementor-widget-container\">\n\t\t\t\t\t\t\t\t\t<p>Comptem amb un equip format per professionals amb gran experi\u00e8ncia i qualificats al sector energ\u00e8tic per garantir la qualitat dels nostres serveis.<\/p><p>Treballem amb els millors materials i prove\u00efdors del mercat, buscant prestar un servei de qualitat als nostres clients, el comprom\u00eds dels quals fidelitzem cada any.<\/p><p>Prestem servei a tot Espanya, adaptant-nos a les necessitats espec\u00edfiques de cada client oferint un assessorament 100% personalitzat garantint aix\u00ed m\u00e9s qualitat i efic\u00e0cia.<\/p>\t\t\t\t\t\t\t\t<\/div>\n\t\t\t\t<\/div>\n\t\t\t\t<div class=\"elementor-element elementor-element-2a08d3b elementor-mobile-align-center elementor-widget elementor-widget-button\" data-id=\"2a08d3b\" data-element_type=\"widget\" data-e-type=\"widget\" data-widget_type=\"button.default\">\n\t\t\t\t<div class=\"elementor-widget-container\">\n\t\t\t\t\t\t\t\t\t<div class=\"elementor-button-wrapper\">\n\t\t\t\t\t<a class=\"elementor-button elementor-button-link elementor-size-sm\" href=\"https:\/\/nubo.energy\/contacto\/\">\n\t\t\t\t\t\t<span class=\"elementor-button-content-wrapper\">\n\t\t\t\t\t\t\t\t\t<span class=\"elementor-button-text\">Contactar amb nosaltres<\/span>\n\t\t\t\t\t<\/span>\n\t\t\t\t\t<\/a>\n\t\t\t\t<\/div>\n\t\t\t\t\t\t\t\t<\/div>\n\t\t\t\t<\/div>\n\t\t\t\t<\/div>\n\t\t\t\t<\/div>\n\t\t\t\t<\/div>\n\t\t\t\t\t<\/div>\n\t\t\t\t<\/div>\n\t\t\t\t<\/div>\n\t\t<div class=\"elementor-element elementor-element-9c2ca22 e-flex e-con-boxed e-con e-parent\" data-id=\"9c2ca22\" data-element_type=\"container\" data-e-type=\"container\">\n\t\t\t\t\t<div class=\"e-con-inner\">\n\t\t\t\t<div class=\"elementor-element elementor-element-a8b9e4e elementor-widget__width-initial elementor-widget elementor-widget-heading\" data-id=\"a8b9e4e\" data-element_type=\"widget\" data-e-type=\"widget\" data-widget_type=\"heading.default\">\n\t\t\t\t<div class=\"elementor-widget-container\">\n\t\t\t\t\t<h2 class=\"elementor-heading-title elementor-size-default\">Missi\u00f3 i visi\u00f3<\/h2>\t\t\t\t<\/div>\n\t\t\t\t<\/div>\n\t\t<div class=\"elementor-element elementor-element-1ce334b e-con-full e-flex e-con e-child\" data-id=\"1ce334b\" data-element_type=\"container\" data-e-type=\"container\">\n\t\t<div class=\"elementor-element elementor-element-1daa8cf e-con-full e-flex e-con e-child\" data-id=\"1daa8cf\" data-element_type=\"container\" data-e-type=\"container\" data-settings=\"{&quot;background_background&quot;:&quot;gradient&quot;}\">\n\t\t\t\t<div class=\"elementor-element elementor-element-ca83470 elementor-widget elementor-widget-heading\" data-id=\"ca83470\" data-element_type=\"widget\" data-e-type=\"widget\" data-widget_type=\"heading.default\">\n\t\t\t\t<div class=\"elementor-widget-container\">\n\t\t\t\t\t<h3 class=\"elementor-heading-title elementor-size-default\">La nostra missi\u00f3<\/h3>\t\t\t\t<\/div>\n\t\t\t\t<\/div>\n\t\t\t\t<div class=\"elementor-element elementor-element-fc723ab elementor-widget elementor-widget-text-editor\" data-id=\"fc723ab\" data-element_type=\"widget\" data-e-type=\"widget\" data-widget_type=\"text-editor.default\">\n\t\t\t\t<div class=\"elementor-widget-container\">\n\t\t\t\t\t\t\t\t\t<p>Transformar la manera com les persones i empreses gestionen la seva energia,<strong> ajudant a reduir el consum innecessari <\/strong>i contribuint a la cura del medi ambient<\/p>\t\t\t\t\t\t\t\t<\/div>\n\t\t\t\t<\/div>\n\t\t\t\t<\/div>\n\t\t<div class=\"elementor-element elementor-element-35481d2 e-con-full elementor-hidden-mobile e-flex e-con e-child\" data-id=\"35481d2\" data-element_type=\"container\" data-e-type=\"container\" data-settings=\"{&quot;background_background&quot;:&quot;classic&quot;}\">\n\t\t\t\t<\/div>\n\t\t\t\t<\/div>\n\t\t<div class=\"elementor-element elementor-element-cff0a44 e-con-full e-flex e-con e-child\" data-id=\"cff0a44\" data-element_type=\"container\" data-e-type=\"container\">\n\t\t<div class=\"elementor-element elementor-element-67c51bc e-con-full e-flex e-con e-child\" data-id=\"67c51bc\" data-element_type=\"container\" data-e-type=\"container\" data-settings=\"{&quot;background_background&quot;:&quot;classic&quot;}\">\n\t\t\t\t<\/div>\n\t\t<div class=\"elementor-element elementor-element-ed4abc8 e-con-full e-flex e-con e-child\" data-id=\"ed4abc8\" data-element_type=\"container\" data-e-type=\"container\" data-settings=\"{&quot;background_background&quot;:&quot;gradient&quot;}\">\n\t\t\t\t<div class=\"elementor-element elementor-element-ebb6c6e elementor-widget elementor-widget-heading\" data-id=\"ebb6c6e\" data-element_type=\"widget\" data-e-type=\"widget\" data-widget_type=\"heading.default\">\n\t\t\t\t<div class=\"elementor-widget-container\">\n\t\t\t\t\t<h3 class=\"elementor-heading-title elementor-size-default\">Valors<\/h3>\t\t\t\t<\/div>\n\t\t\t\t<\/div>\n\t\t\t\t<div class=\"elementor-element elementor-element-f1b8836 elementor-icon-list--layout-traditional elementor-list-item-link-full_width elementor-widget elementor-widget-icon-list\" data-id=\"f1b8836\" data-element_type=\"widget\" data-e-type=\"widget\" data-widget_type=\"icon-list.default\">\n\t\t\t\t<div class=\"elementor-widget-container\">\n\t\t\t\t\t\t\t<ul class=\"elementor-icon-list-items\">\n\t\t\t\t\t\t\t<li class=\"elementor-icon-list-item\">\n\t\t\t\t\t\t\t\t\t\t\t<span class=\"elementor-icon-list-icon\">\n\t\t\t\t\t\t\t<svg aria-hidden=\"true\" class=\"e-font-icon-svg e-fas-check\" viewBox=\"0 0 512 512\" xmlns=\"http:\/\/www.w3.org\/2000\/svg\"><path d=\"M173.898 439.404l-166.4-166.4c-9.997-9.997-9.997-26.206 0-36.204l36.203-36.204c9.997-9.998 26.207-9.998 36.204 0L192 312.69 432.095 72.596c9.997-9.997 26.207-9.997 36.204 0l36.203 36.204c9.997 9.997 9.997 26.206 0 36.204l-294.4 294.401c-9.998 9.997-26.207 9.997-36.204-.001z\"><\/path><\/svg>\t\t\t\t\t\t<\/span>\n\t\t\t\t\t\t\t\t\t\t<span class=\"elementor-icon-list-text\">Transpar\u00e8ncia<\/span>\n\t\t\t\t\t\t\t\t\t<\/li>\n\t\t\t\t\t\t\t\t<li class=\"elementor-icon-list-item\">\n\t\t\t\t\t\t\t\t\t\t\t<span class=\"elementor-icon-list-icon\">\n\t\t\t\t\t\t\t<svg aria-hidden=\"true\" class=\"e-font-icon-svg e-fas-check\" viewBox=\"0 0 512 512\" xmlns=\"http:\/\/www.w3.org\/2000\/svg\"><path d=\"M173.898 439.404l-166.4-166.4c-9.997-9.997-9.997-26.206 0-36.204l36.203-36.204c9.997-9.998 26.207-9.998 36.204 0L192 312.69 432.095 72.596c9.997-9.997 26.207-9.997 36.204 0l36.203 36.204c9.997 9.997 9.997 26.206 0 36.204l-294.4 294.401c-9.998 9.997-26.207 9.997-36.204-.001z\"><\/path><\/svg>\t\t\t\t\t\t<\/span>\n\t\t\t\t\t\t\t\t\t\t<span class=\"elementor-icon-list-text\">Innovaci\u00f3<\/span>\n\t\t\t\t\t\t\t\t\t<\/li>\n\t\t\t\t\t\t\t\t<li class=\"elementor-icon-list-item\">\n\t\t\t\t\t\t\t\t\t\t\t<span class=\"elementor-icon-list-icon\">\n\t\t\t\t\t\t\t<svg aria-hidden=\"true\" class=\"e-font-icon-svg e-fas-check\" viewBox=\"0 0 512 512\" xmlns=\"http:\/\/www.w3.org\/2000\/svg\"><path d=\"M173.898 439.404l-166.4-166.4c-9.997-9.997-9.997-26.206 0-36.204l36.203-36.204c9.997-9.998 26.207-9.998 36.204 0L192 312.69 432.095 72.596c9.997-9.997 26.207-9.997 36.204 0l36.203 36.204c9.997 9.997 9.997 26.206 0 36.204l-294.4 294.401c-9.998 9.997-26.207 9.997-36.204-.001z\"><\/path><\/svg>\t\t\t\t\t\t<\/span>\n\t\t\t\t\t\t\t\t\t\t<span class=\"elementor-icon-list-text\">Sostenibilitat<\/span>\n\t\t\t\t\t\t\t\t\t<\/li>\n\t\t\t\t\t\t\t\t<li class=\"elementor-icon-list-item\">\n\t\t\t\t\t\t\t\t\t\t\t<span class=\"elementor-icon-list-icon\">\n\t\t\t\t\t\t\t<svg aria-hidden=\"true\" class=\"e-font-icon-svg e-fas-check\" viewBox=\"0 0 512 512\" xmlns=\"http:\/\/www.w3.org\/2000\/svg\"><path d=\"M173.898 439.404l-166.4-166.4c-9.997-9.997-9.997-26.206 0-36.204l36.203-36.204c9.997-9.998 26.207-9.998 36.204 0L192 312.69 432.095 72.596c9.997-9.997 26.207-9.997 36.204 0l36.203 36.204c9.997 9.997 9.997 26.206 0 36.204l-294.4 294.401c-9.998 9.997-26.207 9.997-36.204-.001z\"><\/path><\/svg>\t\t\t\t\t\t<\/span>\n\t\t\t\t\t\t\t\t\t\t<span class=\"elementor-icon-list-text\">Comprom\u00eds amb el client<\/span>\n\t\t\t\t\t\t\t\t\t<\/li>\n\t\t\t\t\t\t<\/ul>\n\t\t\t\t\t\t<\/div>\n\t\t\t\t<\/div>\n\t\t\t\t<\/div>\n\t\t\t\t<\/div>\n\t\t\t\t\t<\/div>\n\t\t\t\t<\/div>\n\t\t<div class=\"elementor-element elementor-element-299e249 e-con-full e-flex e-con e-parent\" data-id=\"299e249\" data-element_type=\"container\" data-e-type=\"container\" data-settings=\"{&quot;background_background&quot;:&quot;classic&quot;}\">\n\t\t\t\t<div class=\"elementor-element elementor-element-256019a elementor-widget__width-initial elementor-widget elementor-widget-heading\" data-id=\"256019a\" data-element_type=\"widget\" data-e-type=\"widget\" data-widget_type=\"heading.default\">\n\t\t\t\t<div class=\"elementor-widget-container\">\n\t\t\t\t\t<h2 class=\"elementor-heading-title elementor-size-default\">Demana la teva auditoria energ\u00e8tica gratu\u00efta<\/h2>\t\t\t\t<\/div>\n\t\t\t\t<\/div>\n\t\t\t\t<div class=\"elementor-element elementor-element-1c468a2 elementor-align-center elementor-widget elementor-widget-button\" data-id=\"1c468a2\" data-element_type=\"widget\" data-e-type=\"widget\" data-widget_type=\"button.default\">\n\t\t\t\t<div class=\"elementor-widget-container\">\n\t\t\t\t\t\t\t\t\t<div class=\"elementor-button-wrapper\">\n\t\t\t\t\t<a class=\"elementor-button elementor-button-link elementor-size-sm\" href=\"https:\/\/nubo.energy\/contacto\/#auditoria\">\n\t\t\t\t\t\t<span class=\"elementor-button-content-wrapper\">\n\t\t\t\t\t\t\t\t\t<span class=\"elementor-button-text\">Sol\u00b7licitar ara<\/span>\n\t\t\t\t\t<\/span>\n\t\t\t\t\t<\/a>\n\t\t\t\t<\/div>\n\t\t\t\t\t\t\t\t<\/div>\n\t\t\t\t<\/div>\n\t\t\t\t<\/div>\n\t\t\t\t<\/div>\n\t\t","protected":false},"excerpt":{"rendered":"<p>Sobre Nosaltres Coneix la nostra missi\u00f3: millorar la teva efici\u00e8ncia energ\u00e8tica Nubo Energy neix per donar un servei de consultoria integral oferint les millors solucions a PIMES, consumidors energ\u00e8tics i comercialitzadores de llum i gas, per optimitzar la seva estrat\u00e8gia energ\u00e8tica. El nostre principal objectiu:l&#8217;estalvi econ\u00f2mic dels nostres clients Comptem amb un equip format per [&hellip;]<\/p>\n","protected":false},"author":3,"featured_media":0,"parent":0,"menu_order":0,"comment_status":"closed","ping_status":"closed","template":"","meta":{"footnotes":""},"class_list":["post-877","page","type-page","status-publish","hentry"],"yoast_head":"<!-- This site is optimized with the Yoast SEO plugin v27.1.1 - https:\/\/yoast.com\/product\/yoast-seo-wordpress\/ -->\n<title>Sobre nosaltres - Nubo Energy<\/title>\n<meta name=\"robots\" content=\"index, follow, max-snippet:-1, max-image-preview:large, max-video-preview:-1\" \/>\n<link rel=\"canonical\" href=\"https:\/\/nubo.energy\/ca\/sobre-nosaltres\/\" \/>\n<meta property=\"og:locale\" content=\"ca_ES\" \/>\n<meta property=\"og:type\" content=\"article\" \/>\n<meta property=\"og:title\" content=\"Sobre nosaltres - Nubo Energy\" \/>\n<meta property=\"og:description\" content=\"Sobre Nosaltres Coneix la nostra missi\u00f3: millorar la teva efici\u00e8ncia energ\u00e8tica Nubo Energy neix per donar un servei de consultoria integral oferint les millors solucions a PIMES, consumidors energ\u00e8tics i comercialitzadores de llum i gas, per optimitzar la seva estrat\u00e8gia energ\u00e8tica. El nostre principal objectiu:l&#8217;estalvi econ\u00f2mic dels nostres clients Comptem amb un equip format per [&hellip;]\" \/>\n<meta property=\"og:url\" content=\"https:\/\/nubo.energy\/ca\/sobre-nosaltres\/\" \/>\n<meta property=\"og:site_name\" content=\"Nubo Energy\" \/>\n<meta property=\"article:modified_time\" content=\"2026-03-11T17:16:30+00:00\" \/>\n<meta name=\"twitter:card\" content=\"summary_large_image\" \/>\n<meta name=\"twitter:label1\" content=\"Temps estimat de lectura\" \/>\n\t<meta name=\"twitter:data1\" content=\"1 minut\" \/>\n<script type=\"application\/ld+json\" class=\"yoast-schema-graph\">{\"@context\":\"https:\/\/schema.org\",\"@graph\":[{\"@type\":\"WebPage\",\"@id\":\"https:\/\/nubo.energy\/ca\/sobre-nosaltres\/\",\"url\":\"https:\/\/nubo.energy\/ca\/sobre-nosaltres\/\",\"name\":\"Sobre nosaltres - Nubo Energy\",\"isPartOf\":{\"@id\":\"https:\/\/nubo.energy\/ca\/#website\"},\"datePublished\":\"2025-09-02T12:15:26+00:00\",\"dateModified\":\"2026-03-11T17:16:30+00:00\",\"breadcrumb\":{\"@id\":\"https:\/\/nubo.energy\/ca\/sobre-nosaltres\/#breadcrumb\"},\"inLanguage\":\"ca\",\"potentialAction\":[{\"@type\":\"ReadAction\",\"target\":[\"https:\/\/nubo.energy\/ca\/sobre-nosaltres\/\"]}]},{\"@type\":\"BreadcrumbList\",\"@id\":\"https:\/\/nubo.energy\/ca\/sobre-nosaltres\/#breadcrumb\",\"itemListElement\":[{\"@type\":\"ListItem\",\"position\":1,\"name\":\"Portada\",\"item\":\"https:\/\/nubo.energy\/ca\/\"},{\"@type\":\"ListItem\",\"position\":2,\"name\":\"Sobre nosaltres\"}]},{\"@type\":\"WebSite\",\"@id\":\"https:\/\/nubo.energy\/ca\/#website\",\"url\":\"https:\/\/nubo.energy\/ca\/\",\"name\":\"Nubo Energy\",\"description\":\"Eficiencia y ahorro en tu energ\u00eda\",\"publisher\":{\"@id\":\"https:\/\/nubo.energy\/ca\/#organization\"},\"potentialAction\":[{\"@type\":\"SearchAction\",\"target\":{\"@type\":\"EntryPoint\",\"urlTemplate\":\"https:\/\/nubo.energy\/ca\/?s={search_term_string}\"},\"query-input\":{\"@type\":\"PropertyValueSpecification\",\"valueRequired\":true,\"valueName\":\"search_term_string\"}}],\"inLanguage\":\"ca\"},{\"@type\":\"Organization\",\"@id\":\"https:\/\/nubo.energy\/ca\/#organization\",\"name\":\"Nubo Energy\",\"url\":\"https:\/\/nubo.energy\/ca\/\",\"logo\":{\"@type\":\"ImageObject\",\"inLanguage\":\"ca\",\"@id\":\"https:\/\/nubo.energy\/ca\/#\/schema\/logo\/image\/\",\"url\":\"https:\/\/nubo.energy\/wp-content\/uploads\/2025\/06\/nuboenergy_logo.webp\",\"contentUrl\":\"https:\/\/nubo.energy\/wp-content\/uploads\/2025\/06\/nuboenergy_logo.webp\",\"width\":500,\"height\":186,\"caption\":\"Nubo Energy\"},\"image\":{\"@id\":\"https:\/\/nubo.energy\/ca\/#\/schema\/logo\/image\/\"}}]}<\/script>\n<!-- \/ Yoast SEO plugin. -->","yoast_head_json":{"title":"Sobre nosaltres - Nubo Energy","robots":{"index":"index","follow":"follow","max-snippet":"max-snippet:-1","max-image-preview":"max-image-preview:large","max-video-preview":"max-video-preview:-1"},"canonical":"https:\/\/nubo.energy\/ca\/sobre-nosaltres\/","og_locale":"ca_ES","og_type":"article","og_title":"Sobre nosaltres - Nubo Energy","og_description":"Sobre Nosaltres Coneix la nostra missi\u00f3: millorar la teva efici\u00e8ncia energ\u00e8tica Nubo Energy neix per donar un servei de consultoria integral oferint les millors solucions a PIMES, consumidors energ\u00e8tics i comercialitzadores de llum i gas, per optimitzar la seva estrat\u00e8gia energ\u00e8tica. El nostre principal objectiu:l&#8217;estalvi econ\u00f2mic dels nostres clients Comptem amb un equip format per [&hellip;]","og_url":"https:\/\/nubo.energy\/ca\/sobre-nosaltres\/","og_site_name":"Nubo Energy","article_modified_time":"2026-03-11T17:16:30+00:00","twitter_card":"summary_large_image","twitter_misc":{"Temps estimat de lectura":"1 minut"},"schema":{"@context":"https:\/\/schema.org","@graph":[{"@type":"WebPage","@id":"https:\/\/nubo.energy\/ca\/sobre-nosaltres\/","url":"https:\/\/nubo.energy\/ca\/sobre-nosaltres\/","name":"Sobre nosaltres - Nubo Energy","isPartOf":{"@id":"https:\/\/nubo.energy\/ca\/#website"},"datePublished":"2025-09-02T12:15:26+00:00","dateModified":"2026-03-11T17:16:30+00:00","breadcrumb":{"@id":"https:\/\/nubo.energy\/ca\/sobre-nosaltres\/#breadcrumb"},"inLanguage":"ca","potentialAction":[{"@type":"ReadAction","target":["https:\/\/nubo.energy\/ca\/sobre-nosaltres\/"]}]},{"@type":"BreadcrumbList","@id":"https:\/\/nubo.energy\/ca\/sobre-nosaltres\/#breadcrumb","itemListElement":[{"@type":"ListItem","position":1,"name":"Portada","item":"https:\/\/nubo.energy\/ca\/"},{"@type":"ListItem","position":2,"name":"Sobre nosaltres"}]},{"@type":"WebSite","@id":"https:\/\/nubo.energy\/ca\/#website","url":"https:\/\/nubo.energy\/ca\/","name":"Nubo Energy","description":"Eficiencia y ahorro en tu energ\u00eda","publisher":{"@id":"https:\/\/nubo.energy\/ca\/#organization"},"potentialAction":[{"@type":"SearchAction","target":{"@type":"EntryPoint","urlTemplate":"https:\/\/nubo.energy\/ca\/?s={search_term_string}"},"query-input":{"@type":"PropertyValueSpecification","valueRequired":true,"valueName":"search_term_string"}}],"inLanguage":"ca"},{"@type":"Organization","@id":"https:\/\/nubo.energy\/ca\/#organization","name":"Nubo Energy","url":"https:\/\/nubo.energy\/ca\/","logo":{"@type":"ImageObject","inLanguage":"ca","@id":"https:\/\/nubo.energy\/ca\/#\/schema\/logo\/image\/","url":"https:\/\/nubo.energy\/wp-content\/uploads\/2025\/06\/nuboenergy_logo.webp","contentUrl":"https:\/\/nubo.energy\/wp-content\/uploads\/2025\/06\/nuboenergy_logo.webp","width":500,"height":186,"caption":"Nubo Energy"},"image":{"@id":"https:\/\/nubo.energy\/ca\/#\/schema\/logo\/image\/"}}]}},"_links":{"self":[{"href":"https:\/\/nubo.energy\/ca\/wp-json\/wp\/v2\/pages\/877","targetHints":{"allow":["GET"]}}],"collection":[{"href":"https:\/\/nubo.energy\/ca\/wp-json\/wp\/v2\/pages"}],"about":[{"href":"https:\/\/nubo.energy\/ca\/wp-json\/wp\/v2\/types\/page"}],"author":[{"embeddable":true,"href":"https:\/\/nubo.energy\/ca\/wp-json\/wp\/v2\/users\/3"}],"replies":[{"embeddable":true,"href":"https:\/\/nubo.energy\/ca\/wp-json\/wp\/v2\/comments?post=877"}],"version-history":[{"count":1,"href":"https:\/\/nubo.energy\/ca\/wp-json\/wp\/v2\/pages\/877\/revisions"}],"predecessor-version":[{"id":878,"href":"https:\/\/nubo.energy\/ca\/wp-json\/wp\/v2\/pages\/877\/revisions\/878"}],"wp:attachment":[{"href":"https:\/\/nubo.energy\/ca\/wp-json\/wp\/v2\/media?parent=877"}],"curies":[{"name":"wp","href":"https:\/\/api.w.org\/{rel}","templated":true}]}}