{"id":893,"date":"2025-09-05T09:54:54","date_gmt":"2025-09-05T07:54:54","guid":{"rendered":"https:\/\/nubo.energy\/contacte\/"},"modified":"2026-03-12T16:09:49","modified_gmt":"2026-03-12T14:09:49","slug":"contacte","status":"publish","type":"page","link":"https:\/\/nubo.energy\/ca\/contacte\/","title":{"rendered":"Contacte"},"content":{"rendered":"\t\t<div data-elementor-type=\"wp-page\" data-elementor-id=\"893\" class=\"elementor elementor-893 elementor-625\">\n\t\t\t\t<div class=\"elementor-element elementor-element-6c54812 e-flex e-con-boxed e-con e-parent\" data-id=\"6c54812\" data-element_type=\"container\" data-e-type=\"container\" data-settings=\"{&quot;background_background&quot;:&quot;gradient&quot;}\">\n\t\t\t\t\t<div class=\"e-con-inner\">\n\t\t<div class=\"elementor-element elementor-element-7890780 e-con-full e-flex e-con e-child\" data-id=\"7890780\" data-element_type=\"container\" data-e-type=\"container\">\n\t\t<div class=\"elementor-element elementor-element-d363c32 e-con-full e-flex e-con e-child\" data-id=\"d363c32\" data-element_type=\"container\" data-e-type=\"container\">\n\t\t\t\t<div class=\"elementor-element elementor-element-aff7a03 elementor-widget__width-inherit elementor-widget elementor-widget-heading\" data-id=\"aff7a03\" data-element_type=\"widget\" data-e-type=\"widget\" data-widget_type=\"heading.default\">\n\t\t\t\t<div class=\"elementor-widget-container\">\n\t\t\t\t\t<h1 class=\"elementor-heading-title elementor-size-default\">Contacte<\/h1>\t\t\t\t<\/div>\n\t\t\t\t<\/div>\n\t\t\t\t<div class=\"elementor-element elementor-element-db9a80f elementor-widget__width-initial elementor-widget elementor-widget-heading\" data-id=\"db9a80f\" data-element_type=\"widget\" data-e-type=\"widget\" data-widget_type=\"heading.default\">\n\t\t\t\t<div class=\"elementor-widget-container\">\n\t\t\t\t\t<h2 class=\"elementor-heading-title elementor-size-default\">Encara no sou client?<\/h2>\t\t\t\t<\/div>\n\t\t\t\t<\/div>\n\t\t\t\t<div class=\"elementor-element elementor-element-29543a0 elementor-widget__width-initial elementor-widget elementor-widget-heading\" data-id=\"29543a0\" data-element_type=\"widget\" data-e-type=\"widget\" data-widget_type=\"heading.default\">\n\t\t\t\t<div class=\"elementor-widget-container\">\n\t\t\t\t\t<h3 class=\"elementor-heading-title elementor-size-default\">Contacteu-nos.<\/h3>\t\t\t\t<\/div>\n\t\t\t\t<\/div>\n\t\t\t\t<div class=\"elementor-element elementor-element-6a4e7dc elementor-align-left elementor-mobile-align-center elementor-widget elementor-widget-button\" data-id=\"6a4e7dc\" data-element_type=\"widget\" data-e-type=\"widget\" data-widget_type=\"button.default\">\n\t\t\t\t<div class=\"elementor-widget-container\">\n\t\t\t\t\t\t\t\t\t<div class=\"elementor-button-wrapper\">\n\t\t\t\t\t<a class=\"elementor-button elementor-button-link elementor-size-sm\" href=\"https:\/\/nubo.energy\/ca\/contacte\/#auditoria\">\n\t\t\t\t\t\t<span class=\"elementor-button-content-wrapper\">\n\t\t\t\t\t\t\t\t\t<span class=\"elementor-button-text\">Sol\u00b7licitar auditoria<\/span>\n\t\t\t\t\t<\/span>\n\t\t\t\t\t<\/a>\n\t\t\t\t<\/div>\n\t\t\t\t\t\t\t\t<\/div>\n\t\t\t\t<\/div>\n\t\t\t\t<\/div>\n\t\t\t\t<\/div>\n\t\t<div class=\"elementor-element elementor-element-04ade15 e-con-full e-flex e-con e-child\" data-id=\"04ade15\" data-element_type=\"container\" data-e-type=\"container\">\n\t\t<div class=\"elementor-element elementor-element-4ea24a1 e-con-full e-flex e-con e-child\" data-id=\"4ea24a1\" data-element_type=\"container\" data-e-type=\"container\">\n\t\t\t\t<div class=\"elementor-element elementor-element-ed2d4e6 elementor-widget elementor-widget-heading\" data-id=\"ed2d4e6\" data-element_type=\"widget\" data-e-type=\"widget\" data-widget_type=\"heading.default\">\n\t\t\t\t<div class=\"elementor-widget-container\">\n\t\t\t\t\t<h2 class=\"elementor-heading-title elementor-size-default\">Correu electr\u00f2nic<\/h2>\t\t\t\t<\/div>\n\t\t\t\t<\/div>\n\t\t\t\t<div class=\"elementor-element elementor-element-3877ff3 elementor-widget elementor-widget-text-editor\" data-id=\"3877ff3\" data-element_type=\"widget\" data-e-type=\"widget\" data-widget_type=\"text-editor.default\">\n\t\t\t\t<div class=\"elementor-widget-container\">\n\t\t\t\t\t\t\t\t\t<p><a href=\"mailto:hola@nubo.energy\">hola@nubo.energy<\/a><\/p>\t\t\t\t\t\t\t\t<\/div>\n\t\t\t\t<\/div>\n\t\t\t\t<\/div>\n\t\t<div class=\"elementor-element elementor-element-caf6e32 e-con-full e-flex e-con e-child\" data-id=\"caf6e32\" data-element_type=\"container\" data-e-type=\"container\">\n\t\t\t\t<div class=\"elementor-element elementor-element-e5be83c elementor-widget elementor-widget-heading\" data-id=\"e5be83c\" data-element_type=\"widget\" data-e-type=\"widget\" data-widget_type=\"heading.default\">\n\t\t\t\t<div class=\"elementor-widget-container\">\n\t\t\t\t\t<h2 class=\"elementor-heading-title elementor-size-default\">Tel\u00e8fon<\/h2>\t\t\t\t<\/div>\n\t\t\t\t<\/div>\n\t\t\t\t<div class=\"elementor-element elementor-element-a559a31 elementor-widget elementor-widget-text-editor\" data-id=\"a559a31\" data-element_type=\"widget\" data-e-type=\"widget\" data-widget_type=\"text-editor.default\">\n\t\t\t\t<div class=\"elementor-widget-container\">\n\t\t\t\t\t\t\t\t\tTel.  <a href=\"tel:900264181\">900 264 181<\/a>\t\t\t\t\t\t\t\t<\/div>\n\t\t\t\t<\/div>\n\t\t\t\t<\/div>\n\t\t<div class=\"elementor-element elementor-element-ece2d5e e-con-full e-flex e-con e-child\" data-id=\"ece2d5e\" data-element_type=\"container\" data-e-type=\"container\">\n\t\t\t\t<div class=\"elementor-element elementor-element-2a294ef elementor-widget elementor-widget-heading\" data-id=\"2a294ef\" data-element_type=\"widget\" data-e-type=\"widget\" data-widget_type=\"heading.default\">\n\t\t\t\t<div class=\"elementor-widget-container\">\n\t\t\t\t\t<h2 class=\"elementor-heading-title elementor-size-default\">Adre\u00e7a<\/h2>\t\t\t\t<\/div>\n\t\t\t\t<\/div>\n\t\t\t\t<div class=\"elementor-element elementor-element-b0f204e elementor-widget elementor-widget-text-editor\" data-id=\"b0f204e\" data-element_type=\"widget\" data-e-type=\"widget\" data-widget_type=\"text-editor.default\">\n\t\t\t\t<div class=\"elementor-widget-container\">\n\t\t\t\t\t\t\t\t\tC\/ Mas Plentis, 14 b<br>17458 Fornells de la Selva (Girona)\t\t\t\t\t\t\t\t<\/div>\n\t\t\t\t<\/div>\n\t\t\t\t<\/div>\n\t\t\t\t<\/div>\n\t\t\t\t\t<\/div>\n\t\t\t\t<\/div>\n\t\t<div class=\"elementor-element elementor-element-d59bbea e-con-full e-flex e-con e-parent\" data-id=\"d59bbea\" data-element_type=\"container\" data-e-type=\"container\" id=\"auditoria\">\n\t\t\t\t<div class=\"elementor-element elementor-element-db59bfc elementor-widget__width-inherit elementor-widget elementor-widget-heading\" data-id=\"db59bfc\" data-element_type=\"widget\" data-e-type=\"widget\" data-widget_type=\"heading.default\">\n\t\t\t\t<div class=\"elementor-widget-container\">\n\t\t\t\t\t<h1 class=\"elementor-heading-title elementor-size-default\">Auditoria Energ\u00e8tica<\/h1>\t\t\t\t<\/div>\n\t\t\t\t<\/div>\n\t\t\t\t<div class=\"elementor-element elementor-element-4818ba1 elementor-widget__width-initial elementor-widget elementor-widget-heading\" data-id=\"4818ba1\" data-element_type=\"widget\" data-e-type=\"widget\" data-widget_type=\"heading.default\">\n\t\t\t\t<div class=\"elementor-widget-container\">\n\t\t\t\t\t<h3 class=\"elementor-heading-title elementor-size-default\">Sol\u00b7liciteu la vostra auditoria i optimitzeu el vostre consum ara<\/h3>\t\t\t\t<\/div>\n\t\t\t\t<\/div>\n\t\t\t\t<div class=\"elementor-element elementor-element-e62a34f elementor-widget__width-initial elementor-widget elementor-widget-text-editor\" data-id=\"e62a34f\" data-element_type=\"widget\" data-e-type=\"widget\" data-widget_type=\"text-editor.default\">\n\t\t\t\t<div class=\"elementor-widget-container\">\n\t\t\t\t\t\t\t\t\t<p>Completeu el formulari i contactarem amb vosaltres per programar la vostra auditoria.<\/p>\t\t\t\t\t\t\t\t<\/div>\n\t\t\t\t<\/div>\n\t\t<div class=\"elementor-element elementor-element-9c1fb20 e-con-full e-flex e-con e-child\" data-id=\"9c1fb20\" data-element_type=\"container\" data-e-type=\"container\">\n\t\t\t\t<div class=\"elementor-element elementor-element-cf40c1a elementor-widget__width-initial elementor-widget elementor-widget-shortcode\" data-id=\"cf40c1a\" data-element_type=\"widget\" data-e-type=\"widget\" data-widget_type=\"shortcode.default\">\n\t\t\t\t<div class=\"elementor-widget-container\">\n\t\t\t\t\t\t\t<div class=\"elementor-shortcode\"><div class=\"cf7--custom\">\n<p class=\"wpcf7-contact-form-not-found\"><strong>Error:<\/strong> No s&#039;ha trobat el formulari de contacte.<\/p> <\/div><\/div>\n\t\t\t\t\t\t<\/div>\n\t\t\t\t<\/div>\n\t\t\t\t<\/div>\n\t\t\t\t<\/div>\n\t\t\t\t<\/div>\n\t\t","protected":false},"excerpt":{"rendered":"<p>Contacte Encara no sou client? Contacteu-nos. Sol\u00b7licitar auditoria Correu electr\u00f2nic hola@nubo.energy Tel\u00e8fon Tel. 900 264 181 Adre\u00e7a C\/ Mas Plentis, 14 b17458 Fornells de la Selva (Girona) Auditoria Energ\u00e8tica Sol\u00b7liciteu la vostra auditoria i optimitzeu el vostre consum ara Completeu el formulari i contactarem amb vosaltres per programar la vostra auditoria.<\/p>\n","protected":false},"author":3,"featured_media":0,"parent":0,"menu_order":0,"comment_status":"closed","ping_status":"closed","template":"","meta":{"footnotes":""},"class_list":["post-893","page","type-page","status-publish","hentry"],"yoast_head":"<!-- This site is optimized with the Yoast SEO plugin v27.1.1 - https:\/\/yoast.com\/product\/yoast-seo-wordpress\/ -->\n<title>Contacte - Nubo Energy<\/title>\n<meta name=\"robots\" content=\"index, follow, max-snippet:-1, max-image-preview:large, max-video-preview:-1\" \/>\n<link rel=\"canonical\" href=\"https:\/\/nubo.energy\/ca\/contacte\/\" \/>\n<meta property=\"og:locale\" content=\"ca_ES\" \/>\n<meta property=\"og:type\" content=\"article\" \/>\n<meta property=\"og:title\" content=\"Contacte - Nubo Energy\" \/>\n<meta property=\"og:description\" content=\"Contacte Encara no sou client? Contacteu-nos. Sol\u00b7licitar auditoria Correu electr\u00f2nic hola@nubo.energy Tel\u00e8fon Tel. 900 264 181 Adre\u00e7a C\/ Mas Plentis, 14 b17458 Fornells de la Selva (Girona) Auditoria Energ\u00e8tica Sol\u00b7liciteu la vostra auditoria i optimitzeu el vostre consum ara Completeu el formulari i contactarem amb vosaltres per programar la vostra auditoria.\" \/>\n<meta property=\"og:url\" content=\"https:\/\/nubo.energy\/ca\/contacte\/\" \/>\n<meta property=\"og:site_name\" content=\"Nubo Energy\" \/>\n<meta property=\"article:modified_time\" content=\"2026-03-12T14:09:49+00:00\" \/>\n<meta name=\"twitter:card\" content=\"summary_large_image\" \/>\n<meta name=\"twitter:label1\" content=\"Temps estimat de lectura\" \/>\n\t<meta name=\"twitter:data1\" content=\"1 minut\" \/>\n<script type=\"application\/ld+json\" class=\"yoast-schema-graph\">{\"@context\":\"https:\/\/schema.org\",\"@graph\":[{\"@type\":\"WebPage\",\"@id\":\"https:\/\/nubo.energy\/ca\/contacte\/\",\"url\":\"https:\/\/nubo.energy\/ca\/contacte\/\",\"name\":\"Contacte - Nubo Energy\",\"isPartOf\":{\"@id\":\"https:\/\/nubo.energy\/ca\/#website\"},\"datePublished\":\"2025-09-05T07:54:54+00:00\",\"dateModified\":\"2026-03-12T14:09:49+00:00\",\"breadcrumb\":{\"@id\":\"https:\/\/nubo.energy\/ca\/contacte\/#breadcrumb\"},\"inLanguage\":\"ca\",\"potentialAction\":[{\"@type\":\"ReadAction\",\"target\":[\"https:\/\/nubo.energy\/ca\/contacte\/\"]}]},{\"@type\":\"BreadcrumbList\",\"@id\":\"https:\/\/nubo.energy\/ca\/contacte\/#breadcrumb\",\"itemListElement\":[{\"@type\":\"ListItem\",\"position\":1,\"name\":\"Portada\",\"item\":\"https:\/\/nubo.energy\/ca\/\"},{\"@type\":\"ListItem\",\"position\":2,\"name\":\"Contacte\"}]},{\"@type\":\"WebSite\",\"@id\":\"https:\/\/nubo.energy\/ca\/#website\",\"url\":\"https:\/\/nubo.energy\/ca\/\",\"name\":\"Nubo Energy\",\"description\":\"Eficiencia y ahorro en tu energ\u00eda\",\"publisher\":{\"@id\":\"https:\/\/nubo.energy\/ca\/#organization\"},\"potentialAction\":[{\"@type\":\"SearchAction\",\"target\":{\"@type\":\"EntryPoint\",\"urlTemplate\":\"https:\/\/nubo.energy\/ca\/?s={search_term_string}\"},\"query-input\":{\"@type\":\"PropertyValueSpecification\",\"valueRequired\":true,\"valueName\":\"search_term_string\"}}],\"inLanguage\":\"ca\"},{\"@type\":\"Organization\",\"@id\":\"https:\/\/nubo.energy\/ca\/#organization\",\"name\":\"Nubo Energy\",\"url\":\"https:\/\/nubo.energy\/ca\/\",\"logo\":{\"@type\":\"ImageObject\",\"inLanguage\":\"ca\",\"@id\":\"https:\/\/nubo.energy\/ca\/#\/schema\/logo\/image\/\",\"url\":\"https:\/\/nubo.energy\/wp-content\/uploads\/2025\/06\/nuboenergy_logo.webp\",\"contentUrl\":\"https:\/\/nubo.energy\/wp-content\/uploads\/2025\/06\/nuboenergy_logo.webp\",\"width\":500,\"height\":186,\"caption\":\"Nubo Energy\"},\"image\":{\"@id\":\"https:\/\/nubo.energy\/ca\/#\/schema\/logo\/image\/\"}}]}<\/script>\n<!-- \/ Yoast SEO plugin. -->","yoast_head_json":{"title":"Contacte - Nubo Energy","robots":{"index":"index","follow":"follow","max-snippet":"max-snippet:-1","max-image-preview":"max-image-preview:large","max-video-preview":"max-video-preview:-1"},"canonical":"https:\/\/nubo.energy\/ca\/contacte\/","og_locale":"ca_ES","og_type":"article","og_title":"Contacte - Nubo Energy","og_description":"Contacte Encara no sou client? Contacteu-nos. Sol\u00b7licitar auditoria Correu electr\u00f2nic hola@nubo.energy Tel\u00e8fon Tel. 900 264 181 Adre\u00e7a C\/ Mas Plentis, 14 b17458 Fornells de la Selva (Girona) Auditoria Energ\u00e8tica Sol\u00b7liciteu la vostra auditoria i optimitzeu el vostre consum ara Completeu el formulari i contactarem amb vosaltres per programar la vostra auditoria.","og_url":"https:\/\/nubo.energy\/ca\/contacte\/","og_site_name":"Nubo Energy","article_modified_time":"2026-03-12T14:09:49+00:00","twitter_card":"summary_large_image","twitter_misc":{"Temps estimat de lectura":"1 minut"},"schema":{"@context":"https:\/\/schema.org","@graph":[{"@type":"WebPage","@id":"https:\/\/nubo.energy\/ca\/contacte\/","url":"https:\/\/nubo.energy\/ca\/contacte\/","name":"Contacte - Nubo Energy","isPartOf":{"@id":"https:\/\/nubo.energy\/ca\/#website"},"datePublished":"2025-09-05T07:54:54+00:00","dateModified":"2026-03-12T14:09:49+00:00","breadcrumb":{"@id":"https:\/\/nubo.energy\/ca\/contacte\/#breadcrumb"},"inLanguage":"ca","potentialAction":[{"@type":"ReadAction","target":["https:\/\/nubo.energy\/ca\/contacte\/"]}]},{"@type":"BreadcrumbList","@id":"https:\/\/nubo.energy\/ca\/contacte\/#breadcrumb","itemListElement":[{"@type":"ListItem","position":1,"name":"Portada","item":"https:\/\/nubo.energy\/ca\/"},{"@type":"ListItem","position":2,"name":"Contacte"}]},{"@type":"WebSite","@id":"https:\/\/nubo.energy\/ca\/#website","url":"https:\/\/nubo.energy\/ca\/","name":"Nubo Energy","description":"Eficiencia y ahorro en tu energ\u00eda","publisher":{"@id":"https:\/\/nubo.energy\/ca\/#organization"},"potentialAction":[{"@type":"SearchAction","target":{"@type":"EntryPoint","urlTemplate":"https:\/\/nubo.energy\/ca\/?s={search_term_string}"},"query-input":{"@type":"PropertyValueSpecification","valueRequired":true,"valueName":"search_term_string"}}],"inLanguage":"ca"},{"@type":"Organization","@id":"https:\/\/nubo.energy\/ca\/#organization","name":"Nubo Energy","url":"https:\/\/nubo.energy\/ca\/","logo":{"@type":"ImageObject","inLanguage":"ca","@id":"https:\/\/nubo.energy\/ca\/#\/schema\/logo\/image\/","url":"https:\/\/nubo.energy\/wp-content\/uploads\/2025\/06\/nuboenergy_logo.webp","contentUrl":"https:\/\/nubo.energy\/wp-content\/uploads\/2025\/06\/nuboenergy_logo.webp","width":500,"height":186,"caption":"Nubo Energy"},"image":{"@id":"https:\/\/nubo.energy\/ca\/#\/schema\/logo\/image\/"}}]}},"_links":{"self":[{"href":"https:\/\/nubo.energy\/ca\/wp-json\/wp\/v2\/pages\/893","targetHints":{"allow":["GET"]}}],"collection":[{"href":"https:\/\/nubo.energy\/ca\/wp-json\/wp\/v2\/pages"}],"about":[{"href":"https:\/\/nubo.energy\/ca\/wp-json\/wp\/v2\/types\/page"}],"author":[{"embeddable":true,"href":"https:\/\/nubo.energy\/ca\/wp-json\/wp\/v2\/users\/3"}],"replies":[{"embeddable":true,"href":"https:\/\/nubo.energy\/ca\/wp-json\/wp\/v2\/comments?post=893"}],"version-history":[{"count":16,"href":"https:\/\/nubo.energy\/ca\/wp-json\/wp\/v2\/pages\/893\/revisions"}],"predecessor-version":[{"id":963,"href":"https:\/\/nubo.energy\/ca\/wp-json\/wp\/v2\/pages\/893\/revisions\/963"}],"wp:attachment":[{"href":"https:\/\/nubo.energy\/ca\/wp-json\/wp\/v2\/media?parent=893"}],"curies":[{"name":"wp","href":"https:\/\/api.w.org\/{rel}","templated":true}]}}