{"id":896,"date":"2025-10-09T14:45:15","date_gmt":"2025-10-09T12:45:15","guid":{"rendered":"https:\/\/nubo.energy\/politica-de-cookies\/"},"modified":"2026-03-11T19:18:24","modified_gmt":"2026-03-11T17:18:24","slug":"politica-de-cookies","status":"publish","type":"page","link":"https:\/\/nubo.energy\/ca\/politica-de-cookies\/","title":{"rendered":"Pol\u00edtica de cookies"},"content":{"rendered":"\t\t<div data-elementor-type=\"wp-page\" data-elementor-id=\"896\" class=\"elementor elementor-896 elementor-808\">\n\t\t\t\t<div class=\"elementor-element elementor-element-d59bbea e-flex e-con-boxed e-con e-parent\" data-id=\"d59bbea\" data-element_type=\"container\" data-e-type=\"container\">\n\t\t\t\t\t<div class=\"e-con-inner\">\n\t\t\t\t<div class=\"elementor-element elementor-element-4818ba1 elementor-widget__width-initial elementor-widget elementor-widget-heading\" data-id=\"4818ba1\" data-element_type=\"widget\" data-e-type=\"widget\" data-widget_type=\"heading.default\">\n\t\t\t\t<div class=\"elementor-widget-container\">\n\t\t\t\t\t<h1 class=\"elementor-heading-title elementor-size-default\">Pol\u00edtica de cookies<\/h1>\t\t\t\t<\/div>\n\t\t\t\t<\/div>\n\t\t\t\t<div class=\"elementor-element elementor-element-c846e4e elementor-widget elementor-widget-text-editor\" data-id=\"c846e4e\" data-element_type=\"widget\" data-e-type=\"widget\" data-widget_type=\"text-editor.default\">\n\t\t\t\t<div class=\"elementor-widget-container\">\n\t\t\t\t\t\t\t\t\t<div class=\"et_pb_row et_pb_row_1\"><div class=\"et_pb_column et_pb_column_4_4 et_pb_column_1 et_pb_css_mix_blend_mode_passthrough et-last-child\"><div class=\"et_pb_module et_pb_text et_pb_text_1 et_pb_text_align_left et_pb_bg_layout_light et_had_animation\"><div class=\"et_pb_text_inner\"><p>El nostre lloc web utilitza una tecnologia anomenada \u201ccookie\u201d, per tal de poder obtenir informaci\u00f3 sobre l&#8217;\u00fas del lloc web, millorar l&#8217;experi\u00e8ncia de l&#8217;usuari i garantir-ne el funcionament correcte.<\/p><p> <\/p><\/div><\/div><\/div><\/div><div class=\"et_pb_row et_pb_row_2\"><div class=\"et_pb_column et_pb_column_4_4 et_pb_column_2 et_pb_css_mix_blend_mode_passthrough et-last-child\"><div class=\"et_pb_module et_pb_text et_pb_text_2 et_pb_text_align_left et_pb_bg_layout_light et_had_animation\"><div class=\"et_pb_text_inner\"><p><strong>Definici\u00f3 de Cookie<\/strong><\/p><p>Una &#8220;cookie&#8221; \u00e9s un petit fragment de text que els llocs web envien al navegador i que s&#8217;emmagatzemen al terminal de l&#8217;usuari, (ordinador o dispositiu m\u00f2bil). Aquests fitxers tenen la finalitat d&#8217;emmagatzemar dades que podran ser actualitzades i recuperades per l&#8217;entitat responsable de la instal\u00b7laci\u00f3. Aix\u00ed, cada cop que l&#8217;usuari torna a visitar el mateix lloc web, l&#8217;explorador recupera el fitxer i l&#8217;envia al servidor del lloc web. Les cookies tenen diverses funcions entre les quals s&#8217;inclouen, recollir informaci\u00f3 sobre les prefer\u00e8ncies de l&#8217;usuari i recordar-la, i en general, facilitar l&#8217;\u00fas del lloc web a l&#8217;usuari fent que el lloc sigui m\u00e9s \u00fatil en personalitzar-ne el contingut.<br>Les galetes es poden classificar en base a diferents par\u00e0metres:   <\/p><\/div><\/div><div class=\"et_pb_module et_pb_text et_pb_text_3 et_pb_text_align_left et_pb_bg_layout_light et_had_animation\"><div class=\"et_pb_text_inner\"><p>1. \u2013 Titularitat: cookies pr\u00f2pies i galetes de tercers: depenent de quina sigui l&#8217;entitat que gestioni el domini des d&#8217;on s&#8217;envien les galetes i es tractin les dades que s&#8217;obtinguin.<br>2. \u2013 Durada: cookies de sessi\u00f3 i galetes persistents: d&#8217;acord amb el termini de temps que romanen emmagatzemades al terminal de l&#8217;usuari.<br>3. \u2013 Finalitat: cookies t\u00e8cniques, galetes de personalitzaci\u00f3, galetes d&#8217;an\u00e0lisi, galetes publicit\u00e0ries, galetes de publicitat comportamental, d&#8217;acord amb la finalitat per a la qual es tractin les dades obtingudes.<\/p><p> <\/p><\/div><\/div><div class=\"et_pb_module et_pb_text et_pb_text_4 et_pb_text_align_left et_pb_bg_layout_light et_had_animation\"><div class=\"et_pb_text_inner\"><p>\u2022 <strong>Cookies t\u00e8cniques<\/strong>: S\u00f3n aquelles que permeten a l&#8217;usuari la navegaci\u00f3 a trav\u00e9s de la p\u00e0gina web o aplicaci\u00f3 i la utilitzaci\u00f3 de les diferents opcions o serveis que hi existeixen. Per exemple, controlar el tr\u00e0nsit i la comunicaci\u00f3 de dades, identificar la sessi\u00f3 o accedir a les parts web dacc\u00e9s restringit. <br>\u2022<strong> Cookies de personalitzaci\u00f3: <\/strong>S\u00f3n aquelles que permeten a l&#8217;usuari accedir al servei amb algunes caracter\u00edstiques de car\u00e0cter general predefinides al seu terminal o que el mateix usuari defineixi. Per exemple, l&#8217;idioma, el tipus de navegador a trav\u00e9s del qual accediu al servei o el disseny de continguts seleccionat.<br><strong>\u2022 Cookies d&#8217;an\u00e0lisi:<\/strong> S\u00f3n aquelles que o b\u00e9 tractades per nosaltres o per tercers, ens permeten quantificar el nombre d&#8217;usuaris i aix\u00ed fer l&#8217;an\u00e0lisi estad\u00edstica de la utilitzaci\u00f3 que fan els usuaris del servei ofert. Per aix\u00f2 s&#8217;analitza la vostra navegaci\u00f3 a la nostra p\u00e0gina web per millorar l&#8217;oferta de productes o serveis que us oferim.<br>\u2022 <strong>Cookies publicit\u00e0ries:<\/strong> S\u00f3n aquelles que permeten la gesti\u00f3, de la manera m\u00e9s efica\u00e7 possible, els espais publicitaris que, si escau, l&#8217;editor hagi incl\u00f2s en una p\u00e0gina web, aplicaci\u00f3 o plataforma des de la qual presta el servei sol\u00b7licitat sobre la base de criteris com el contingut editat o la freq\u00fc\u00e8ncia en qu\u00e8 es mostren els anuncis.<br>\u2022<strong> Cookies de publicitat comportamental:<\/strong> S\u00f3n aquelles que permeten la gesti\u00f3, de la manera m\u00e9s efica\u00e7 possible, dels espais publicitaris que, si escau, l&#8217;editor hagi incl\u00f2s en una p\u00e0gina web, aplicaci\u00f3 o plataforma des de la qual presta el servei sol\u00b7licitat. Aquestes cookies emmagatzemen informaci\u00f3 del comportament dels usuaris obtinguda a trav\u00e9s de l&#8217;observaci\u00f3 continuada dels seus h\u00e0bits de navegaci\u00f3, cosa que permet desenvolupar un perfil espec\u00edfic per mostrar publicitat en funci\u00f3 del mateix.   <\/p><\/div><\/div><div class=\"et_pb_module et_pb_text et_pb_text_5 et_pb_text_align_left et_pb_bg_layout_light et_had_animation\"><div class=\"et_pb_text_inner\"><p> <\/p><p><strong>Cookies utilitzades al nostre lloc web<\/strong><\/p><p>El nostre lloc web utilitza tant cookies pr\u00f2pies, que s\u00f3n les enviades al vostre ordinador i gestionades exclusivament per nosaltres per al millor funcionament del lloc web, com cookies de tercers, amb la funci\u00f3 de servir-nos com a eina d&#8217;an\u00e0lisi de la interacci\u00f3 els usuaris amb la nostra web, gr\u00e0cies a elles obtenim una informaci\u00f3 que pot ajudar a millorar la navegaci\u00f3 i donar un millor servei als usuaris i clients.<\/p><p>El nostre lloc web utilitza tant cookies temporals de sessi\u00f3, com cookies persistents. Les cookies de sessi\u00f3 emmagatzemen dades \u00fanicament mentre l&#8217;usuari accedeix a la web i les cookies persistents emmagatzemen les dades al terminal perqu\u00e8 siguin accedides i utilitzades en m\u00e9s d&#8217;una sessi\u00f3. <\/p><p>Concretament les cookies utilitzades al nostre lloc web s\u00f3n:<\/p><p> <\/p><p>Cookies pr\u00f2pies:<br>Les galetes pr\u00f2pies que utilitzem al nostre lloc web s\u00f3n de car\u00e0cter t\u00e8cnic referents a la programaci\u00f3 i la seguretat de la navegaci\u00f3, fonamentals per al funcionament del web, i tamb\u00e9 de personalitzaci\u00f3 per recordar l&#8217;elecci\u00f3 de l&#8217;idioma de navegaci\u00f3.<\/p><p> <\/p><\/div><\/div><div class=\"et_pb_module et_pb_text et_pb_text_6 et_pb_text_align_left et_pb_bg_layout_light et_had_animation\"><div class=\"et_pb_text_inner\"><p><strong>Cookies utilitzades al nostre lloc web<\/strong><\/p><p>El nostre lloc web utilitza tant cookies pr\u00f2pies, que s\u00f3n les enviades al vostre ordinador i gestionades exclusivament per nosaltres per al millor funcionament del lloc web, com cookies de tercers, amb la funci\u00f3 de servir-nos com a eina d&#8217;an\u00e0lisi de la interacci\u00f3 els usuaris amb la nostra web, gr\u00e0cies a elles obtenim una informaci\u00f3 que pot ajudar a millorar la navegaci\u00f3 i donar un millor servei als usuaris i clients.<\/p><p>El nostre lloc web utilitza tant cookies temporals de sessi\u00f3, com cookies persistents. Les cookies de sessi\u00f3 emmagatzemen dades \u00fanicament mentre l&#8217;usuari accedeix a la web i les cookies persistents emmagatzemen les dades al terminal perqu\u00e8 siguin accedides i utilitzades en m\u00e9s d&#8217;una sessi\u00f3. <\/p><p>Concretament les cookies utilitzades al nostre lloc web s\u00f3n:<\/p><p> <\/p><p>Cookies pr\u00f2pies:<br>Les galetes pr\u00f2pies que utilitzem al nostre lloc web s\u00f3n de car\u00e0cter t\u00e8cnic referents a la programaci\u00f3 i la seguretat de la navegaci\u00f3, fonamentals per al funcionament del web, i tamb\u00e9 de personalitzaci\u00f3 per recordar l&#8217;elecci\u00f3 de l&#8217;idioma de navegaci\u00f3.<\/p><p> <\/p><\/div><\/div><div class=\"et_pb_module et_pb_text et_pb_text_7 et_pb_text_align_left et_pb_bg_layout_light et_had_animation\"><div class=\"et_pb_text_inner\"><p><strong>Cokies de tercers<\/strong><\/p><\/div><\/div><\/div><\/div>\t\t\t\t\t\t\t\t<\/div>\n\t\t\t\t<\/div>\n\t\t\t\t\t<\/div>\n\t\t\t\t<\/div>\n\t\t<div class=\"elementor-element elementor-element-eff0590 e-flex e-con-boxed e-con e-parent\" data-id=\"eff0590\" data-element_type=\"container\" data-e-type=\"container\">\n\t\t\t\t\t<div class=\"e-con-inner\">\n\t\t\t\t<div class=\"elementor-element elementor-element-34f6327 elementor-widget elementor-widget-html\" data-id=\"34f6327\" data-element_type=\"widget\" data-e-type=\"widget\" data-widget_type=\"html.default\">\n\t\t\t\t<div class=\"elementor-widget-container\">\n\t\t\t\t\t<div class=\"cookie-policy-container\">\r\n \r\n  <table border=\"1\">\r\n    <thead>\r\n      <tr>\r\n        <th>Cookie<\/th>\r\n<th>Descripci\u00f3<\/th>\r\n      <\/tr>\r\n    <\/thead>\r\n    <tbody>\r\n      <tr>\r\n        <td>e_globals<\/td>\r\n<td>Cookies utilitzades per al funcionament global del lloc web.<\/td>\r\n      <\/tr>\r\n      <tr>\r\n        <td>elementor<\/td>\r\n<td>Cookie relacionada amb el constructor de p\u00e0gines d'Elementor.<\/td>\r\n      <\/tr>\r\n      <tr>\r\n        <td>hfeSelectedItemId<\/td>\r\n<td>Cookie per emmagatzemar l'element seleccionat al lloc web.<\/td>\r\n      <\/tr>\r\n      <tr>\r\n        <td>e_kit-elements-defaults<\/td>\r\n<td>Cookie per desar la configuraci\u00f3 predeterminada dels elements del lloc web.<\/td>\r\n      <\/tr>\r\n      <tr>\r\n        <td>whats-new-cache-expiry-bmV3L2ZlZQ<\/td>\r\n<td>Cookie que emmagatzema l'expiraci\u00f3 de la mem\u00f2ria cau de les novetats del lloc.<\/td>\r\n      <\/tr>\r\n      <tr>\r\n        <td>wpEmojiSettingsSupports<\/td>\r\n<td>Cookie que permet el suport d'emojis al lloc.<\/td>\r\n      <\/tr>\r\n      <tr>\r\n        <td>whats-new-cache-bmV3L2ZlZQ<\/td>\r\n<td>Cookie relacionada amb la mem\u00f2ria cau de les novetats del lloc.<\/td>\r\n      <\/tr>\r\n      <tr>\r\n        <td>PHPSESSID<\/td>\r\n<td>Cookie que gestiona la sessi\u00f3 de l'usuari al lloc.<\/td>\r\n      <\/tr>\r\n      <tr>\r\n        <td>wp-settings-*<\/td>\r\n<td>Cookies utilitzades per emmagatzemar la configuraci\u00f3 dels usuaris al lloc web.<\/td>\r\n      <\/tr>\r\n      <tr>\r\n        <td>wp-settings-time-*<\/td>\r\n<td>Cookie que emmagatzema el temps de configuraci\u00f3 dels usuaris.<\/td>\r\n      <\/tr>\r\n      <tr>\r\n        <td>wordpress_test_cookie<\/td>\r\n<td>Cookie que prova si el navegador de l'usuari accepta galetes.<\/td>\r\n      <\/tr>\r\n      <tr>\r\n        <td>wordpress_logged_in-*<\/td>\r\n<td>Cookie que gestiona l'estat d'inici de sessi\u00f3 de l'usuari al lloc web.<\/td>\r\n      <\/tr>\r\n      <tr>\r\n        <td>cmplz_functional<\/td>\r\n<td>Cookie que gestiona la configuraci\u00f3 funcional del lloc.<\/td>\r\n      <\/tr>\r\n      <tr>\r\n        <td>cmplz_preferences<\/td>\r\n<td>Cookie que emmagatzema les prefer\u00e8ncies de cookies de lusuari.<\/td>\r\n      <\/tr>\r\n      <tr>\r\n        <td>cmplz_marketing<\/td>\r\n<td>Cookie relacionada amb les prefer\u00e8ncies de m\u00e0rqueting de lusuari.<\/td>\r\n      <\/tr>\r\n      <tr>\r\n        <td>cmplz_consented_services<\/td>\r\n<td>Cookie que emmagatzema els serveis consentits per l'usuari a la pol\u00edtica de cookies.<\/td>\r\n      <\/tr>\r\n    <\/tbody>\r\n  <\/table>\r\n<\/div>\r\n\t\t\t\t<\/div>\n\t\t\t\t<\/div>\n\t\t\t\t<div class=\"elementor-element elementor-element-ce233f9 elementor-widget elementor-widget-text-editor\" data-id=\"ce233f9\" data-element_type=\"widget\" data-e-type=\"widget\" data-widget_type=\"text-editor.default\">\n\t\t\t\t<div class=\"elementor-widget-container\">\n\t\t\t\t\t\t\t\t\t<div class=\"et_pb_module et_pb_text et_pb_text_16 et_pb_text_align_left et_pb_bg_layout_light et_had_animation\"><div class=\"et_pb_text_inner\"><p>Per obtenir m\u00e9s informaci\u00f3 sobre les galetes d&#8217;aquest tercer podeu clicar sobre l&#8217;enlla\u00e7 que hi ha al vostre nom. Finalment, tamb\u00e9 s&#8217;utilitzen galetes de complement (plug-in) per intercanviar continguts socials. <\/p><p> <\/p><\/div><\/div><div class=\"et_pb_module et_pb_text et_pb_text_17 et_pb_text_align_left et_pb_bg_layout_light et_had_animation\"><div class=\"et_pb_text_inner\"><p><strong>Consentiment<\/strong><\/p><p>En navegar i continuar al nostre lloc web l&#8217;usuari estar\u00e0 consentint l&#8217;\u00fas de les cookies abans enunciades, pels terminis assenyalats i en les condicions contingudes a la present Pol\u00edtica sobre Cookies.<\/p><p> <\/p><\/div><\/div><div class=\"et_pb_module et_pb_text et_pb_text_18 et_pb_text_align_left et_pb_bg_layout_light et_had_animation\"><div class=\"et_pb_text_inner\"><p><strong>Retirada del consentiment<\/strong><\/p><p>L&#8217;usuari podr\u00e0 retirar en qualsevol moment el seu consentiment relacionat amb aquesta Pol\u00edtica sobre Cookies, per a aix\u00f2 haur\u00e0 d&#8217;eliminar les cookies emmagatzemades al vostre equip utilitzant els ajustaments i configuracions del vostre navegador d&#8217;Internet.<\/p><p> <\/p><\/div><\/div><div class=\"et_pb_module et_pb_text et_pb_text_19 et_pb_text_align_left et_pb_bg_layout_light et_had_animation\"><div class=\"et_pb_text_inner\"><p><strong>Modificaci\u00f3 de la configuraci\u00f3 de les cookies<\/strong><\/p><p>L&#8217;usuari pot restringir, bloquejar o esborrar les galetes de qualsevol lloc web, utilitzant el vostre navegador. A cada navegador l&#8217;operativa \u00e9s diferent, per la qual cosa podeu consultar els seg\u00fcents enlla\u00e7os la manera de fer-ho:<\/p><p> <\/p><\/div><\/div><div class=\"et_pb_module et_pb_text et_pb_text_20 et_pb_text_align_left et_pb_bg_layout_light et_had_animation\"><div class=\"et_pb_text_inner\"><ul><li><strong><a href=\"http:\/\/windows.microsoft.com\/es-xl\/internet-explorer\/delete-manage-cookies#ie=ie-10\">Internet Explorer<\/a><\/strong><\/li><li><a href=\"https:\/\/support.mozilla.org\/es\/kb\/Borrar%20cookies\"><strong>FireFox<\/strong><\/a><\/li><li><a href=\"https:\/\/support.google.com\/chrome\/answer\/95647?hl=%22es%22\"><strong>Chrome<\/strong><\/a><\/li><li><a href=\"http:\/\/www.apple.com\/es\/privacy\/use-of-cookies\/\"><strong>Safari<\/strong><\/a><\/li><li><a href=\"http:\/\/help.opera.com\/Linux\/10.50\/en\/cookies.html\"><strong>Opera<\/strong><\/a><\/li><li><a href=\"http:\/\/www.windowsphone.com\/es-es\/how-to\/wp7\/web\/changing-privacy-and-other-browser-settings\"><strong>Windows Phone<\/strong><\/a><\/li><\/ul><p> <\/p><\/div><\/div><div class=\"et_pb_module et_pb_text et_pb_text_21 et_pb_text_align_left et_pb_bg_layout_light et_had_animation\"><div class=\"et_pb_text_inner\"><p>A m\u00e9s, tamb\u00e9 podeu gestionar el magatzem de cookies al vostre navegador a trav\u00e9s d&#8217;eines com les seg\u00fcents:<\/p><p> <\/p><\/div><\/div><div class=\"et_pb_module et_pb_text et_pb_text_22 et_pb_text_align_left et_pb_bg_layout_light et_had_animation\"><div class=\"et_pb_text_inner\"><ul><li><strong>Your <a href=\"http:\/\/www.youronlinechoices.com\/es\/\">online<\/a> choices<\/strong><\/li><li><strong><a href=\"http:\/\/www.ghostery.com\/\">Ghostery<\/a><\/strong><\/li><\/ul><\/div><\/div>\t\t\t\t\t\t\t\t<\/div>\n\t\t\t\t<\/div>\n\t\t\t\t\t<\/div>\n\t\t\t\t<\/div>\n\t\t\t\t<\/div>\n\t\t","protected":false},"excerpt":{"rendered":"<p>Pol\u00edtica de cookies El nostre lloc web utilitza una tecnologia anomenada \u201ccookie\u201d, per tal de poder obtenir informaci\u00f3 sobre l&#8217;\u00fas del lloc web, millorar l&#8217;experi\u00e8ncia de l&#8217;usuari i garantir-ne el funcionament correcte. Definici\u00f3 de Cookie Una &#8220;cookie&#8221; \u00e9s un petit fragment de text que els llocs web envien al navegador i que s&#8217;emmagatzemen al terminal [&hellip;]<\/p>\n","protected":false},"author":3,"featured_media":0,"parent":0,"menu_order":0,"comment_status":"closed","ping_status":"closed","template":"","meta":{"footnotes":""},"class_list":["post-896","page","type-page","status-publish","hentry"],"yoast_head":"<!-- This site is optimized with the Yoast SEO plugin v27.1.1 - https:\/\/yoast.com\/product\/yoast-seo-wordpress\/ -->\n<title>Pol\u00edtica de cookies - Nubo Energy<\/title>\n<meta name=\"robots\" content=\"index, follow, max-snippet:-1, max-image-preview:large, max-video-preview:-1\" \/>\n<link rel=\"canonical\" href=\"https:\/\/nubo.energy\/ca\/politica-de-cookies\/\" \/>\n<meta property=\"og:locale\" content=\"ca_ES\" \/>\n<meta property=\"og:type\" content=\"article\" \/>\n<meta property=\"og:title\" content=\"Pol\u00edtica de cookies - Nubo Energy\" \/>\n<meta property=\"og:description\" content=\"Pol\u00edtica de cookies El nostre lloc web utilitza una tecnologia anomenada \u201ccookie\u201d, per tal de poder obtenir informaci\u00f3 sobre l&#8217;\u00fas del lloc web, millorar l&#8217;experi\u00e8ncia de l&#8217;usuari i garantir-ne el funcionament correcte. Definici\u00f3 de Cookie Una &#8220;cookie&#8221; \u00e9s un petit fragment de text que els llocs web envien al navegador i que s&#8217;emmagatzemen al terminal [&hellip;]\" \/>\n<meta property=\"og:url\" content=\"https:\/\/nubo.energy\/ca\/politica-de-cookies\/\" \/>\n<meta property=\"og:site_name\" content=\"Nubo Energy\" \/>\n<meta property=\"article:modified_time\" content=\"2026-03-11T17:18:24+00:00\" \/>\n<meta name=\"twitter:card\" content=\"summary_large_image\" \/>\n<meta name=\"twitter:label1\" content=\"Temps estimat de lectura\" \/>\n\t<meta name=\"twitter:data1\" content=\"6 minuts\" \/>\n<script type=\"application\/ld+json\" class=\"yoast-schema-graph\">{\"@context\":\"https:\/\/schema.org\",\"@graph\":[{\"@type\":\"WebPage\",\"@id\":\"https:\/\/nubo.energy\/ca\/politica-de-cookies\/\",\"url\":\"https:\/\/nubo.energy\/ca\/politica-de-cookies\/\",\"name\":\"Pol\u00edtica de cookies - Nubo Energy\",\"isPartOf\":{\"@id\":\"https:\/\/nubo.energy\/ca\/#website\"},\"datePublished\":\"2025-10-09T12:45:15+00:00\",\"dateModified\":\"2026-03-11T17:18:24+00:00\",\"breadcrumb\":{\"@id\":\"https:\/\/nubo.energy\/ca\/politica-de-cookies\/#breadcrumb\"},\"inLanguage\":\"ca\",\"potentialAction\":[{\"@type\":\"ReadAction\",\"target\":[\"https:\/\/nubo.energy\/ca\/politica-de-cookies\/\"]}]},{\"@type\":\"BreadcrumbList\",\"@id\":\"https:\/\/nubo.energy\/ca\/politica-de-cookies\/#breadcrumb\",\"itemListElement\":[{\"@type\":\"ListItem\",\"position\":1,\"name\":\"Portada\",\"item\":\"https:\/\/nubo.energy\/ca\/\"},{\"@type\":\"ListItem\",\"position\":2,\"name\":\"Pol\u00edtica de cookies\"}]},{\"@type\":\"WebSite\",\"@id\":\"https:\/\/nubo.energy\/ca\/#website\",\"url\":\"https:\/\/nubo.energy\/ca\/\",\"name\":\"Nubo Energy\",\"description\":\"Eficiencia y ahorro en tu energ\u00eda\",\"publisher\":{\"@id\":\"https:\/\/nubo.energy\/ca\/#organization\"},\"potentialAction\":[{\"@type\":\"SearchAction\",\"target\":{\"@type\":\"EntryPoint\",\"urlTemplate\":\"https:\/\/nubo.energy\/ca\/?s={search_term_string}\"},\"query-input\":{\"@type\":\"PropertyValueSpecification\",\"valueRequired\":true,\"valueName\":\"search_term_string\"}}],\"inLanguage\":\"ca\"},{\"@type\":\"Organization\",\"@id\":\"https:\/\/nubo.energy\/ca\/#organization\",\"name\":\"Nubo Energy\",\"url\":\"https:\/\/nubo.energy\/ca\/\",\"logo\":{\"@type\":\"ImageObject\",\"inLanguage\":\"ca\",\"@id\":\"https:\/\/nubo.energy\/ca\/#\/schema\/logo\/image\/\",\"url\":\"https:\/\/nubo.energy\/wp-content\/uploads\/2025\/06\/nuboenergy_logo.webp\",\"contentUrl\":\"https:\/\/nubo.energy\/wp-content\/uploads\/2025\/06\/nuboenergy_logo.webp\",\"width\":500,\"height\":186,\"caption\":\"Nubo Energy\"},\"image\":{\"@id\":\"https:\/\/nubo.energy\/ca\/#\/schema\/logo\/image\/\"}}]}<\/script>\n<!-- \/ Yoast SEO plugin. -->","yoast_head_json":{"title":"Pol\u00edtica de cookies - Nubo Energy","robots":{"index":"index","follow":"follow","max-snippet":"max-snippet:-1","max-image-preview":"max-image-preview:large","max-video-preview":"max-video-preview:-1"},"canonical":"https:\/\/nubo.energy\/ca\/politica-de-cookies\/","og_locale":"ca_ES","og_type":"article","og_title":"Pol\u00edtica de cookies - Nubo Energy","og_description":"Pol\u00edtica de cookies El nostre lloc web utilitza una tecnologia anomenada \u201ccookie\u201d, per tal de poder obtenir informaci\u00f3 sobre l&#8217;\u00fas del lloc web, millorar l&#8217;experi\u00e8ncia de l&#8217;usuari i garantir-ne el funcionament correcte. Definici\u00f3 de Cookie Una &#8220;cookie&#8221; \u00e9s un petit fragment de text que els llocs web envien al navegador i que s&#8217;emmagatzemen al terminal [&hellip;]","og_url":"https:\/\/nubo.energy\/ca\/politica-de-cookies\/","og_site_name":"Nubo Energy","article_modified_time":"2026-03-11T17:18:24+00:00","twitter_card":"summary_large_image","twitter_misc":{"Temps estimat de lectura":"6 minuts"},"schema":{"@context":"https:\/\/schema.org","@graph":[{"@type":"WebPage","@id":"https:\/\/nubo.energy\/ca\/politica-de-cookies\/","url":"https:\/\/nubo.energy\/ca\/politica-de-cookies\/","name":"Pol\u00edtica de cookies - Nubo Energy","isPartOf":{"@id":"https:\/\/nubo.energy\/ca\/#website"},"datePublished":"2025-10-09T12:45:15+00:00","dateModified":"2026-03-11T17:18:24+00:00","breadcrumb":{"@id":"https:\/\/nubo.energy\/ca\/politica-de-cookies\/#breadcrumb"},"inLanguage":"ca","potentialAction":[{"@type":"ReadAction","target":["https:\/\/nubo.energy\/ca\/politica-de-cookies\/"]}]},{"@type":"BreadcrumbList","@id":"https:\/\/nubo.energy\/ca\/politica-de-cookies\/#breadcrumb","itemListElement":[{"@type":"ListItem","position":1,"name":"Portada","item":"https:\/\/nubo.energy\/ca\/"},{"@type":"ListItem","position":2,"name":"Pol\u00edtica de cookies"}]},{"@type":"WebSite","@id":"https:\/\/nubo.energy\/ca\/#website","url":"https:\/\/nubo.energy\/ca\/","name":"Nubo Energy","description":"Eficiencia y ahorro en tu energ\u00eda","publisher":{"@id":"https:\/\/nubo.energy\/ca\/#organization"},"potentialAction":[{"@type":"SearchAction","target":{"@type":"EntryPoint","urlTemplate":"https:\/\/nubo.energy\/ca\/?s={search_term_string}"},"query-input":{"@type":"PropertyValueSpecification","valueRequired":true,"valueName":"search_term_string"}}],"inLanguage":"ca"},{"@type":"Organization","@id":"https:\/\/nubo.energy\/ca\/#organization","name":"Nubo Energy","url":"https:\/\/nubo.energy\/ca\/","logo":{"@type":"ImageObject","inLanguage":"ca","@id":"https:\/\/nubo.energy\/ca\/#\/schema\/logo\/image\/","url":"https:\/\/nubo.energy\/wp-content\/uploads\/2025\/06\/nuboenergy_logo.webp","contentUrl":"https:\/\/nubo.energy\/wp-content\/uploads\/2025\/06\/nuboenergy_logo.webp","width":500,"height":186,"caption":"Nubo Energy"},"image":{"@id":"https:\/\/nubo.energy\/ca\/#\/schema\/logo\/image\/"}}]}},"_links":{"self":[{"href":"https:\/\/nubo.energy\/ca\/wp-json\/wp\/v2\/pages\/896","targetHints":{"allow":["GET"]}}],"collection":[{"href":"https:\/\/nubo.energy\/ca\/wp-json\/wp\/v2\/pages"}],"about":[{"href":"https:\/\/nubo.energy\/ca\/wp-json\/wp\/v2\/types\/page"}],"author":[{"embeddable":true,"href":"https:\/\/nubo.energy\/ca\/wp-json\/wp\/v2\/users\/3"}],"replies":[{"embeddable":true,"href":"https:\/\/nubo.energy\/ca\/wp-json\/wp\/v2\/comments?post=896"}],"version-history":[{"count":1,"href":"https:\/\/nubo.energy\/ca\/wp-json\/wp\/v2\/pages\/896\/revisions"}],"predecessor-version":[{"id":897,"href":"https:\/\/nubo.energy\/ca\/wp-json\/wp\/v2\/pages\/896\/revisions\/897"}],"wp:attachment":[{"href":"https:\/\/nubo.energy\/ca\/wp-json\/wp\/v2\/media?parent=896"}],"curies":[{"name":"wp","href":"https:\/\/api.w.org\/{rel}","templated":true}]}}