{"id":900,"date":"2025-10-09T14:45:42","date_gmt":"2025-10-09T12:45:42","guid":{"rendered":"https:\/\/nubo.energy\/politica-de-privadesa\/"},"modified":"2026-03-11T19:18:54","modified_gmt":"2026-03-11T17:18:54","slug":"politica-de-privadesa","status":"publish","type":"page","link":"https:\/\/nubo.energy\/ca\/politica-de-privadesa\/","title":{"rendered":"Pol\u00edtica de privadesa"},"content":{"rendered":"\t\t<div data-elementor-type=\"wp-page\" data-elementor-id=\"900\" class=\"elementor elementor-900 elementor-810\">\n\t\t\t\t<div class=\"elementor-element elementor-element-d59bbea e-flex e-con-boxed e-con e-parent\" data-id=\"d59bbea\" data-element_type=\"container\" data-e-type=\"container\">\n\t\t\t\t\t<div class=\"e-con-inner\">\n\t\t\t\t<div class=\"elementor-element elementor-element-4818ba1 elementor-widget__width-initial elementor-widget elementor-widget-heading\" data-id=\"4818ba1\" data-element_type=\"widget\" data-e-type=\"widget\" data-widget_type=\"heading.default\">\n\t\t\t\t<div class=\"elementor-widget-container\">\n\t\t\t\t\t<h1 class=\"elementor-heading-title elementor-size-default\">Pol\u00edtica de privadesa<\/h1>\t\t\t\t<\/div>\n\t\t\t\t<\/div>\n\t\t\t\t<div class=\"elementor-element elementor-element-c846e4e elementor-widget elementor-widget-text-editor\" data-id=\"c846e4e\" data-element_type=\"widget\" data-e-type=\"widget\" data-widget_type=\"text-editor.default\">\n\t\t\t\t<div class=\"elementor-widget-container\">\n\t\t\t\t\t\t\t\t\t<div class=\"et_pb_module et_pb_text et_pb_text_1 et_pb_text_align_left et_pb_bg_layout_light et_had_animation\"><div class=\"et_pb_text_inner\"><p>N\u00favol Cloud S.L. es compromet a protegir la privadesa dels usuaris que accedeixin a aquesta web i\/o qualsevol dels seus serveis. La utilitzaci\u00f3 de la web i\/o de qualsevol dels serveis oferts per Nubo Cloud S.L. implica l&#8217;acceptaci\u00f3 per l&#8217;usuari de les disposicions contingudes en aquesta Pol\u00edtica de Privadesa i que les seves dades personals siguin tractades segons s&#8217;hi estipula. Si us plau, tingueu en compte que tot i que hi pugui haver enlla\u00e7os de la nostra web a altres webs o xarxes socials, aquesta Pol\u00edtica de Privadesa no s&#8217;aplica a les webs d&#8217;altres companyies o organitzacions a les quals la web estigui redirigida. N\u00favol Cloud S.L. no controla el contingut de les webs de tercers, ni accepta qualsevol responsabilitat pel contingut o les pol\u00edtiques de privadesa d&#8217;aquestes webs.   <\/p><\/div><\/div><div class=\"et_pb_module et_pb_text et_pb_text_2 et_pb_text_align_left et_pb_bg_layout_light et_had_animation\"><div class=\"et_pb_text_inner\"><p><strong>Informaci\u00f3 b\u00e0sica sobre el tractament de dades (Reglament (UE) 2016\/679 <\/strong><strong>i LO 3\/2018)<\/strong><\/p><\/div><div class=\"et_pb_module et_pb_text et_pb_text_4 et_pb_text_align_left et_pb_bg_layout_light et_had_animation\"><div class=\"et_pb_text_inner\"><p><b>Preguntes sobre la privadesa<\/b><\/p><p>En compliment del Reglament (UE) 2016\/679 del Parlament Europeu i del Consell, del 27 d&#8217;abril del 2016, (RGPD), i la Llei Org\u00e0nica 3\/2018, del 5 de desembre, de Protecci\u00f3 de Dades Personals i garantia dels drets digitals (LOPDGDD us oferim la seg\u00fcent informaci\u00f3 sobre el tractament de les vostres dades<\/p><\/div><\/div><div class=\"et_pb_module et_pb_text et_pb_text_5 et_pb_text_align_left et_pb_bg_layout_light et_had_animation\"><div class=\"et_pb_text_inner\"><p><strong>Qui \u00e9s el responsable del tractament de les vostres dades?<\/strong><\/p><p>Identitat: Nubo Cloud S.L.<br>NIF: B55356497<br>Adre\u00e7a: c\/ Pedret, 111 17007 Girona<br>Tel.: 972 095 945<br>Email: hola@nuboip.com<\/p><p> <\/p><p><strong>Amb quina finalitat tractem les vostres dades personals?<\/strong><\/p><\/div><\/div><div class=\"et_pb_module et_pb_text et_pb_text_6 et_pb_text_align_left et_pb_bg_layout_light et_had_animation\"><div class=\"et_pb_text_inner\"><ul><li>Tractem la informaci\u00f3 que se&#8217;ns facilita per gestionar els nostres serveis de telecomunicaci\u00f3 i instal\u00b7laci\u00f3 de centraletes.<\/li><li>En el caso de que se ponga en contacto con nosotros a trav\u00e9s del formulario de contacto de nuestra p\u00e1gina web, los trataremos para gestionar su consulta.<\/li><li>Si ens doneu el vostre consentiment tamb\u00e9 podrem tractar les vostres dades per enviar-vos informaci\u00f3 sobre les nostres activitats, productes o serveis.<\/li><li>Si ens envieu un curr\u00edculum, tractarem les dades per tal de gestionar la base de CV \u2018s per a la selecci\u00f3 de personal.<\/li><\/ul><p> <\/p><\/div><\/div><div class=\"et_pb_module et_pb_text et_pb_text_7 et_pb_text_align_left et_pb_bg_layout_light et_had_animation\"><div class=\"et_pb_text_inner\"><p><strong>Quant de temps conservarem les vostres dades?<\/strong><\/p><ul><li>Les dades personals proporcionades es conservaran mentre sigui usuari dels nostres serveis o vulgui rebre informaci\u00f3, i despr\u00e9s, durant els terminis establerts per complir les nostres obligacions legals, que en el cas documentaci\u00f3 comptable i fiscal a efectes mercantils seran 6 anys, de conformitat amb l&#8217;Art. 30 del codi de Codi Comer\u00e7, ia efectes fiscals seran 4 anys, d&#8217;acord amb els articles 66 a 7.<\/li><li>En el cas dels curr\u00edculums, les dades es conservaran durant un any.<\/li><\/ul><\/div><\/div><div class=\"et_pb_module et_pb_text et_pb_text_8 et_pb_text_align_left et_pb_bg_layout_light et_had_animation\"><div class=\"et_pb_text_inner\"><p> <\/p><p><strong>Quina \u00e9s la legitimaci\u00f3 per al tractament de les vostres dades?<\/strong><\/p><p>La legitimaci\u00f3n para tratarlos se encuentra en la ejecuci\u00f3n del contrato de servicios y en los consentimientos que nos da.<br>Respecto a aquella informaci\u00f3n que sea remitida por menores de 16 a\u00f1os, ser\u00e1 requisito imprescindible que se haga con el consentimiento paterno, del tutor o del legal representante del menor para que los datos personales puedan ser objeto de tratamiento. Si no es as\u00ed, el representante legal del menor nos lo comunicar\u00e1 tan pronto como tenga conocimiento. <\/p><\/div><\/div><div class=\"et_pb_module et_pb_text et_pb_text_9 et_pb_text_align_left et_pb_bg_layout_light et_had_animation\"><div class=\"et_pb_text_inner\"><p> <\/p><p><strong>A quins destinataris es comunicaran les vostres dades?<\/strong><\/p><p>Les dades no seran comunicades a tercers, llevat que ho exigeixi una llei o sigui necessari per complir amb la finalitat del tractament.<\/p><\/div><\/div><div class=\"et_pb_module et_pb_text et_pb_text_10 et_pb_text_align_left et_pb_bg_layout_light et_had_animation\"><div class=\"et_pb_text_inner\"><p> <\/p><p><strong>Quins s\u00f3n els vostres drets quan ens facilita les vostres dades?<\/strong><\/p><ul><li>Qualsevol persona t\u00e9 dret a obtenir confirmaci\u00f3 sobre si estem tractant o no les vostres dades personals.<\/li><li>Els interessats tenen dret a accedir a les seves dades personals, aix\u00ed com a sol\u00b7licitar la rectificaci\u00f3 de les dades inexactes o, si escau, sol\u00b7licitar-ne la supressi\u00f3 quan, entre altres motius, les dades ja no siguin necess\u00e0ries per a les finalitats per a les quals es van recollir.<\/li><li>En determinades circumst\u00e0ncies els interessats podran sol\u00b7licitar la limitaci\u00f3 del tractament de les vostres dades, en aquest cas \u00fanicament les conservarem per a l&#8217;exercici o la defensa de reclamacions.<\/li><li>Tamb\u00e9, en determinades circumst\u00e0ncies i per motius relacionats amb la seva situaci\u00f3 particular, els interessats poden oposar-se al tractament de les dades. En aquest cas, deixarem de tractar les dades, excepte per motius leg\u00edtims imperiosos o per a l&#8217;exercici o la defensa de possibles reclamacions. <\/li><li>Els interessats tamb\u00e9 tenen dret a la portabilitat de les vostres dades.<\/li><li>Tot interessat tindr\u00e0 dret a no ser objecte d&#8217;una decisi\u00f3 basada \u00fanicament en el tractament automatitzat, inclosa l&#8217;elaboraci\u00f3 de perfils, que hi produeixi efectes jur\u00eddics o l&#8217;afecti significativament de manera similar.<\/li><li>Finalment, els interessats tenen dret a presentar una reclamaci\u00f3 davant de l&#8217;Autoritat de Control competent.<\/li><\/ul><\/div><\/div><div class=\"et_pb_module et_pb_text et_pb_text_11 et_pb_text_align_left et_pb_bg_layout_light et_had_animation\"><div class=\"et_pb_text_inner\"><p> <\/p><p><strong>Com podeu exercir els vostres drets?<\/strong><\/p><p>Enviant un escrit adjuntant una c\u00f2pia d&#8217;un document que l&#8217;identifiqui, a la nostra adre\u00e7a f\u00edsica o electr\u00f2nica.<\/p><\/div><\/div><div class=\"et_pb_module et_pb_text et_pb_text_12 et_pb_text_align_left et_pb_bg_layout_light et_had_animation\"><div class=\"et_pb_text_inner\"><p><strong>Com hem obtingut les vostres dades?<\/strong><\/p><p>Les dades personals que tractem procedeixen del mateix interessat. L&#8217;interessat garanteix que les dades personals facilitades s\u00f3n certes i es fa responsable de comunicar-ne qualsevol modificaci\u00f3. Les dades que estiguin marcades amb un asterisc seran obligat\u00f2ries per poder donar-li el servei sol\u00b7licitat.  <\/p><\/div><\/div><div class=\"et_pb_module et_pb_text et_pb_text_13 et_pb_text_align_left et_pb_bg_layout_light et_had_animation\"><div class=\"et_pb_text_inner\"><p><strong>Quines dades tractem?<\/strong><\/p><ul><li>Les categories de dades que podem tractar en la prestaci\u00f3 dels nostres serveis s\u00f3n:<\/li><li>Dades de car\u00e0cter identificatiu<\/li><li>Adreces postals o electr\u00f2niques<\/li><li>En el cas dels curr\u00edculums, tamb\u00e9:<\/li><li>Caracter\u00edstiques personals<\/li><li>Acad\u00e8mics i professionals<\/li><\/ul><p>Les dades s\u00f3n limitades, at\u00e8s que \u00fanicament tractem les dades necess\u00e0ries per a la prestaci\u00f3 dels nostres serveis i la gesti\u00f3 de la nostra activitat.<\/p><\/div><\/div><div class=\"et_pb_module et_pb_text et_pb_text_14 et_pb_text_align_left et_pb_bg_layout_light et_had_animation\"><div class=\"et_pb_text_inner\"><p> <\/p><p><strong>Fem servir cookies?<\/strong><\/p><p>Utilitzem cookies durant la navegaci\u00f3 a la nostra web amb el consentiment de lusuari.<br>L&#8217;usuari pot configurar el navegador per ser avisat de la utilitzaci\u00f3 de cookies i per evitar-ne l&#8217;\u00fas. Si us plau, visiteu la nostra pol\u00edtica de cookies. <\/p><\/div><\/div><div class=\"et_pb_module et_pb_text et_pb_text_15 et_pb_text_align_left et_pb_bg_layout_light et_had_animation\"><div class=\"et_pb_text_inner\"><p><strong>Quines mesures de seguretat apliquem?<\/strong><\/p><p>Apliquem les mesures de seguretat establertes a l&#8217;article 32 del RGPD, per tant, hem adoptat les mesures de seguretat necess\u00e0ries per garantir un nivell de seguretat adequat al risc del tractament de dades que realitzem, amb mecanismes que ens permeten garantir la confidencialitat, integritat, disponibilitat i resili\u00e8ncia permanent dels sistemes i serveis de tractament.<\/p><ul><li>Algunes d&#8217;aquestes mesures s\u00f3n:<\/li><li>Informaci\u00f3 de les pol\u00edtiques de tractament de dades al personal.<\/li><li>Realitzaci\u00f3 de c\u00f2pies de seguretat peri\u00f2diques.<\/li><li>Control d&#8217;acc\u00e9s a les dades.<\/li><li>Processos de verificaci\u00f3, avaluaci\u00f3 i valoraci\u00f3 regulars.<\/li><\/ul><\/div><\/div><div class=\"et_pb_module et_pb_text et_pb_text_16 et_pb_text_align_left et_pb_bg_layout_light et_had_animation\"><div class=\"et_pb_text_inner\"><p> <\/p><p><strong>Com tractem les dades per compte de tercers?<\/strong><\/p><p>Quan en la prestaci\u00f3 dels nostres serveis tractem dades de car\u00e0cter personal de qu\u00e8 els nostres clients s\u00f3n els responsables, ho fem en qualitat d&#8217;encarregats del tractament, de conformitat amb el que estableix l&#8217;article 28 RGPD i, per tant, en aquests tractaments de les dades personals:<\/p><\/div><\/div><div class=\"et_pb_module et_pb_text et_pb_text_17 et_pb_text_align_left et_pb_bg_layout_light et_had_animation\"><div class=\"et_pb_text_inner\"><p>a) Tractarem les dades personals \u00fanicament seguint instruccions documentades del responsable, fins i tot en relaci\u00f3 amb les transfer\u00e8ncies de dades personals a un tercer pa\u00eds oa una organitzaci\u00f3 internacional, llevat que estiguem obligats en virtut del dret de la Uni\u00f3 o dels Estats membres a qu\u00e8 estiguem subjectes. En aquest cas, informarem el responsable d&#8217;aquesta exig\u00e8ncia legal pr\u00e8via al tractament, tret que aquest dret ho prohibeixi per raons importants d&#8217;inter\u00e8s p\u00fablic. <\/p><p>b) Garantim que les persones autoritzades per tractar dades personals s&#8217;han comprom\u00e8s a respectar-ne la confidencialitat.<br>c) Hem adoptat totes les mesures de seguretat necess\u00e0ries, de conformitat amb l&#8217;article 32 del RGPD, i hem implantat mecanismes per a:<\/p><\/div><\/div><div class=\"et_pb_module et_pb_text et_pb_text_18 et_pb_text_align_left et_pb_bg_layout_light et_had_animation\"><div class=\"et_pb_text_inner\"><ul><li>Garantir la confidencialitat, integritat, disponibilitat i resili\u00e8ncia permanent dels sistemes i serveis de tractament.<\/li><li>Restaurar la disponibilitat i l&#8217;acc\u00e9s a les dades personals de manera r\u00e0pida, en cas d&#8217;incident f\u00edsic o t\u00e8cnic.<\/li><li>Verificar, avaluar i valorar, de manera regular, l&#8217;efic\u00e0cia de les mesures t\u00e8cniques i organitzatives implantades per garantir la seguretat del tractament.<\/li><li>Seudonimitzar i xifrar les dades personals, si escau.<\/li><\/ul><\/div><\/div><div class=\"et_pb_module et_pb_text et_pb_text_19 et_pb_text_align_left et_pb_bg_layout_light et_had_animation\"><div class=\"et_pb_text_inner\"><p>d) Respectarem les condicions indicades als apartats 2 i 4 de l&#8217;article 28 del RGPD per rec\u00f3rrer a un altre encarregat del tractament.<br>e) Assistirem al responsable, sempre que sigui possible, d&#8217;acord amb la naturalesa del tractament i mitjan\u00e7ant les mesures t\u00e8cniques i organitzatives adequades, perqu\u00e8 pugui complir l&#8217;obligaci\u00f3 de respondre les sol\u00b7licituds que tinguin per objecte l&#8217;exercici dels drets dels interessats establerts al cap\u00edtol III de l&#8217;RGPD.<br>f) Ajudarem el responsable a garantir el compliment de les obligacions que sobre seguretat de les dades queden establertes als articles 32 a 36 del RGPD, tenint en compte la naturalesa del tractament i la informaci\u00f3 posada a la nostra disposici\u00f3.<br>g) A elecci\u00f3 del responsable, suprimirem o tornarem totes les dades personals una vegada finalitzi la prestaci\u00f3 dels serveis de tractament i suprimirem les c\u00f2pies existents a no ser que es requereixi la conservaci\u00f3 de les dades personals en virtut del Dret de la Uni\u00f3 o dels Estats membres.<br>h) Posarem a disposici\u00f3 del responsable tota la informaci\u00f3 necess\u00e0ria per demostrar el compliment de les obligacions establertes a l&#8217;art. 28 del RGPD, aix\u00ed com per permetre i contribuir a la realitzaci\u00f3 d&#8217;auditories, incloses inspeccions, per part del responsable o d&#8217;un altre auditor autoritzat per aquest responsable.<\/p><p>Com a encarregats del tractament, en la prestaci\u00f3 dels nostres serveis podrem visualitzar dades identificatives o de contacte dels interessats (personal, clients, prove\u00efdors) dels quals els nostres clients siguin responsables.<\/p><\/div><\/div><\/div>\t\t\t\t\t\t\t\t<\/div>\n\t\t\t\t<\/div>\n\t\t\t\t\t<\/div>\n\t\t\t\t<\/div>\n\t\t\t\t<\/div>\n\t\t","protected":false},"excerpt":{"rendered":"<p>Pol\u00edtica de privadesa N\u00favol Cloud S.L. es compromet a protegir la privadesa dels usuaris que accedeixin a aquesta web i\/o qualsevol dels seus serveis. La utilitzaci\u00f3 de la web i\/o de qualsevol dels serveis oferts per Nubo Cloud S.L. implica l&#8217;acceptaci\u00f3 per l&#8217;usuari de les disposicions contingudes en aquesta Pol\u00edtica de Privadesa i que les [&hellip;]<\/p>\n","protected":false},"author":3,"featured_media":0,"parent":0,"menu_order":0,"comment_status":"closed","ping_status":"closed","template":"","meta":{"footnotes":""},"class_list":["post-900","page","type-page","status-publish","hentry"],"yoast_head":"<!-- This site is optimized with the Yoast SEO plugin v27.1.1 - https:\/\/yoast.com\/product\/yoast-seo-wordpress\/ -->\n<title>Pol\u00edtica de privadesa - Nubo Energy<\/title>\n<meta name=\"robots\" content=\"index, follow, max-snippet:-1, max-image-preview:large, max-video-preview:-1\" \/>\n<link rel=\"canonical\" href=\"https:\/\/nubo.energy\/ca\/politica-de-privadesa\/\" \/>\n<meta property=\"og:locale\" content=\"ca_ES\" \/>\n<meta property=\"og:type\" content=\"article\" \/>\n<meta property=\"og:title\" content=\"Pol\u00edtica de privadesa - Nubo Energy\" \/>\n<meta property=\"og:description\" content=\"Pol\u00edtica de privadesa N\u00favol Cloud S.L. es compromet a protegir la privadesa dels usuaris que accedeixin a aquesta web i\/o qualsevol dels seus serveis. La utilitzaci\u00f3 de la web i\/o de qualsevol dels serveis oferts per Nubo Cloud S.L. implica l&#8217;acceptaci\u00f3 per l&#8217;usuari de les disposicions contingudes en aquesta Pol\u00edtica de Privadesa i que les [&hellip;]\" \/>\n<meta property=\"og:url\" content=\"https:\/\/nubo.energy\/ca\/politica-de-privadesa\/\" \/>\n<meta property=\"og:site_name\" content=\"Nubo Energy\" \/>\n<meta property=\"article:modified_time\" content=\"2026-03-11T17:18:54+00:00\" \/>\n<meta name=\"twitter:card\" content=\"summary_large_image\" \/>\n<meta name=\"twitter:label1\" content=\"Temps estimat de lectura\" \/>\n\t<meta name=\"twitter:data1\" content=\"8 minuts\" \/>\n<script type=\"application\/ld+json\" class=\"yoast-schema-graph\">{\"@context\":\"https:\/\/schema.org\",\"@graph\":[{\"@type\":\"WebPage\",\"@id\":\"https:\/\/nubo.energy\/ca\/politica-de-privadesa\/\",\"url\":\"https:\/\/nubo.energy\/ca\/politica-de-privadesa\/\",\"name\":\"Pol\u00edtica de privadesa - Nubo Energy\",\"isPartOf\":{\"@id\":\"https:\/\/nubo.energy\/ca\/#website\"},\"datePublished\":\"2025-10-09T12:45:42+00:00\",\"dateModified\":\"2026-03-11T17:18:54+00:00\",\"breadcrumb\":{\"@id\":\"https:\/\/nubo.energy\/ca\/politica-de-privadesa\/#breadcrumb\"},\"inLanguage\":\"ca\",\"potentialAction\":[{\"@type\":\"ReadAction\",\"target\":[\"https:\/\/nubo.energy\/ca\/politica-de-privadesa\/\"]}]},{\"@type\":\"BreadcrumbList\",\"@id\":\"https:\/\/nubo.energy\/ca\/politica-de-privadesa\/#breadcrumb\",\"itemListElement\":[{\"@type\":\"ListItem\",\"position\":1,\"name\":\"Portada\",\"item\":\"https:\/\/nubo.energy\/ca\/\"},{\"@type\":\"ListItem\",\"position\":2,\"name\":\"Pol\u00edtica de privadesa\"}]},{\"@type\":\"WebSite\",\"@id\":\"https:\/\/nubo.energy\/ca\/#website\",\"url\":\"https:\/\/nubo.energy\/ca\/\",\"name\":\"Nubo Energy\",\"description\":\"Eficiencia y ahorro en tu energ\u00eda\",\"publisher\":{\"@id\":\"https:\/\/nubo.energy\/ca\/#organization\"},\"potentialAction\":[{\"@type\":\"SearchAction\",\"target\":{\"@type\":\"EntryPoint\",\"urlTemplate\":\"https:\/\/nubo.energy\/ca\/?s={search_term_string}\"},\"query-input\":{\"@type\":\"PropertyValueSpecification\",\"valueRequired\":true,\"valueName\":\"search_term_string\"}}],\"inLanguage\":\"ca\"},{\"@type\":\"Organization\",\"@id\":\"https:\/\/nubo.energy\/ca\/#organization\",\"name\":\"Nubo Energy\",\"url\":\"https:\/\/nubo.energy\/ca\/\",\"logo\":{\"@type\":\"ImageObject\",\"inLanguage\":\"ca\",\"@id\":\"https:\/\/nubo.energy\/ca\/#\/schema\/logo\/image\/\",\"url\":\"https:\/\/nubo.energy\/wp-content\/uploads\/2025\/06\/nuboenergy_logo.webp\",\"contentUrl\":\"https:\/\/nubo.energy\/wp-content\/uploads\/2025\/06\/nuboenergy_logo.webp\",\"width\":500,\"height\":186,\"caption\":\"Nubo Energy\"},\"image\":{\"@id\":\"https:\/\/nubo.energy\/ca\/#\/schema\/logo\/image\/\"}}]}<\/script>\n<!-- \/ Yoast SEO plugin. -->","yoast_head_json":{"title":"Pol\u00edtica de privadesa - Nubo Energy","robots":{"index":"index","follow":"follow","max-snippet":"max-snippet:-1","max-image-preview":"max-image-preview:large","max-video-preview":"max-video-preview:-1"},"canonical":"https:\/\/nubo.energy\/ca\/politica-de-privadesa\/","og_locale":"ca_ES","og_type":"article","og_title":"Pol\u00edtica de privadesa - Nubo Energy","og_description":"Pol\u00edtica de privadesa N\u00favol Cloud S.L. es compromet a protegir la privadesa dels usuaris que accedeixin a aquesta web i\/o qualsevol dels seus serveis. La utilitzaci\u00f3 de la web i\/o de qualsevol dels serveis oferts per Nubo Cloud S.L. implica l&#8217;acceptaci\u00f3 per l&#8217;usuari de les disposicions contingudes en aquesta Pol\u00edtica de Privadesa i que les [&hellip;]","og_url":"https:\/\/nubo.energy\/ca\/politica-de-privadesa\/","og_site_name":"Nubo Energy","article_modified_time":"2026-03-11T17:18:54+00:00","twitter_card":"summary_large_image","twitter_misc":{"Temps estimat de lectura":"8 minuts"},"schema":{"@context":"https:\/\/schema.org","@graph":[{"@type":"WebPage","@id":"https:\/\/nubo.energy\/ca\/politica-de-privadesa\/","url":"https:\/\/nubo.energy\/ca\/politica-de-privadesa\/","name":"Pol\u00edtica de privadesa - Nubo Energy","isPartOf":{"@id":"https:\/\/nubo.energy\/ca\/#website"},"datePublished":"2025-10-09T12:45:42+00:00","dateModified":"2026-03-11T17:18:54+00:00","breadcrumb":{"@id":"https:\/\/nubo.energy\/ca\/politica-de-privadesa\/#breadcrumb"},"inLanguage":"ca","potentialAction":[{"@type":"ReadAction","target":["https:\/\/nubo.energy\/ca\/politica-de-privadesa\/"]}]},{"@type":"BreadcrumbList","@id":"https:\/\/nubo.energy\/ca\/politica-de-privadesa\/#breadcrumb","itemListElement":[{"@type":"ListItem","position":1,"name":"Portada","item":"https:\/\/nubo.energy\/ca\/"},{"@type":"ListItem","position":2,"name":"Pol\u00edtica de privadesa"}]},{"@type":"WebSite","@id":"https:\/\/nubo.energy\/ca\/#website","url":"https:\/\/nubo.energy\/ca\/","name":"Nubo Energy","description":"Eficiencia y ahorro en tu energ\u00eda","publisher":{"@id":"https:\/\/nubo.energy\/ca\/#organization"},"potentialAction":[{"@type":"SearchAction","target":{"@type":"EntryPoint","urlTemplate":"https:\/\/nubo.energy\/ca\/?s={search_term_string}"},"query-input":{"@type":"PropertyValueSpecification","valueRequired":true,"valueName":"search_term_string"}}],"inLanguage":"ca"},{"@type":"Organization","@id":"https:\/\/nubo.energy\/ca\/#organization","name":"Nubo Energy","url":"https:\/\/nubo.energy\/ca\/","logo":{"@type":"ImageObject","inLanguage":"ca","@id":"https:\/\/nubo.energy\/ca\/#\/schema\/logo\/image\/","url":"https:\/\/nubo.energy\/wp-content\/uploads\/2025\/06\/nuboenergy_logo.webp","contentUrl":"https:\/\/nubo.energy\/wp-content\/uploads\/2025\/06\/nuboenergy_logo.webp","width":500,"height":186,"caption":"Nubo Energy"},"image":{"@id":"https:\/\/nubo.energy\/ca\/#\/schema\/logo\/image\/"}}]}},"_links":{"self":[{"href":"https:\/\/nubo.energy\/ca\/wp-json\/wp\/v2\/pages\/900","targetHints":{"allow":["GET"]}}],"collection":[{"href":"https:\/\/nubo.energy\/ca\/wp-json\/wp\/v2\/pages"}],"about":[{"href":"https:\/\/nubo.energy\/ca\/wp-json\/wp\/v2\/types\/page"}],"author":[{"embeddable":true,"href":"https:\/\/nubo.energy\/ca\/wp-json\/wp\/v2\/users\/3"}],"replies":[{"embeddable":true,"href":"https:\/\/nubo.energy\/ca\/wp-json\/wp\/v2\/comments?post=900"}],"version-history":[{"count":1,"href":"https:\/\/nubo.energy\/ca\/wp-json\/wp\/v2\/pages\/900\/revisions"}],"predecessor-version":[{"id":901,"href":"https:\/\/nubo.energy\/ca\/wp-json\/wp\/v2\/pages\/900\/revisions\/901"}],"wp:attachment":[{"href":"https:\/\/nubo.energy\/ca\/wp-json\/wp\/v2\/media?parent=900"}],"curies":[{"name":"wp","href":"https:\/\/api.w.org\/{rel}","templated":true}]}}